{"id":939,"date":"2024-10-14T02:04:48","date_gmt":"2024-10-14T02:04:48","guid":{"rendered":"https:\/\/cannara24.cryodragon.pro\/investisseurs\/depots-sedar\/"},"modified":"2024-11-11T18:30:53","modified_gmt":"2024-11-11T18:30:53","slug":"depots-sedar","status":"publish","type":"page","link":"https:\/\/www.cannara.ca\/fr\/depots-sedar\/","title":{"rendered":"D\u00e9p\u00f4ts Sedar"},"content":{"rendered":"\t\t<div data-elementor-type=\"wp-page\" data-elementor-id=\"939\" class=\"elementor elementor-939 elementor-51\" data-elementor-post-type=\"page\">\n\t\t\t\t<div class=\"elementor-element elementor-element-4f3a739 e-flex e-con-boxed e-con e-parent\" data-id=\"4f3a739\" data-element_type=\"container\" data-e-type=\"container\" data-settings=\"{&quot;background_background&quot;:&quot;classic&quot;}\">\n\t\t\t\t\t<div class=\"e-con-inner\">\n\t\t<div class=\"elementor-element elementor-element-1bf8f07 e-flex e-con-boxed e-con e-child\" data-id=\"1bf8f07\" data-element_type=\"container\" data-e-type=\"container\">\n\t\t\t\t\t<div class=\"e-con-inner\">\n\t\t\t\t<div class=\"elementor-element elementor-element-3ee2a4d elementor-widget-tablet__width-inherit elementor-widget elementor-widget-heading\" data-id=\"3ee2a4d\" data-element_type=\"widget\" data-e-type=\"widget\" data-widget_type=\"heading.default\">\n\t\t\t\t<div class=\"elementor-widget-container\">\n\t\t\t\t\t<h1 class=\"elementor-heading-title elementor-size-default\">D\u00e9p\u00f4ts Sedar<\/h1>\t\t\t\t<\/div>\n\t\t\t\t<\/div>\n\t\t\t\t\t<\/div>\n\t\t\t\t<\/div>\n\t\t\t\t\t<\/div>\n\t\t\t\t<\/div>\n\t\t<div class=\"elementor-element elementor-element-44ee244 e-flex e-con-boxed e-con e-parent\" data-id=\"44ee244\" data-element_type=\"container\" data-e-type=\"container\">\n\t\t\t\t\t<div class=\"e-con-inner\">\n\t\t\t\t<div class=\"elementor-element elementor-element-6e303b4 elementor-widget elementor-widget-text-editor\" data-id=\"6e303b4\" data-element_type=\"widget\" data-e-type=\"widget\" data-widget_type=\"text-editor.default\">\n\t\t\t\t<div class=\"elementor-widget-container\">\n\t\t\t\t\t\t\t\t\t<p>Tous les \u00e9tats financiers et le rapport de gestion peuvent \u00eatre consult\u00e9s \u00e0 l&rsquo;adresse suivante <a href=\"https:\/\/www.sedar.com\/DisplayCompanyDocuments.do?lang=EN&amp;issuerNo=00046240\" target=\"_blank\" rel=\"noopener\">: www.sedar.com<\/a>.<\/p>\n\t\t\t\t\t\t\t\t<\/div>\n\t\t\t\t<\/div>\n\t\t\t\t\t<\/div>\n\t\t\t\t<\/div>\n\t\t\t\t<\/div>\n\t\t","protected":false},"excerpt":{"rendered":"<p>D\u00e9p\u00f4ts Sedar Tous les \u00e9tats financiers et le rapport de gestion peuvent \u00eatre consult\u00e9s \u00e0 l&rsquo;adresse suivante : www.sedar.com.<\/p>\n","protected":false},"author":1,"featured_media":0,"parent":0,"menu_order":0,"comment_status":"closed","ping_status":"closed","template":"","meta":{"footnotes":"","_links_to":"","_links_to_target":"","_wpscp_schedule_draft_date":"","_wpscp_schedule_republish_date":"","_wpscppro_advance_schedule":false,"_wpscppro_advance_schedule_date":"","_wpscppro_dont_share_socialmedia":false,"_wpscppro_custom_social_share_image":0,"_facebook_share_type":"","_twitter_share_type":"","_linkedin_share_type":"","_pinterest_share_type":"","_linkedin_share_type_page":"","_instagram_share_type":"","_medium_share_type":"","_threads_share_type":"","_google_business_share_type":"","_selected_social_profile":[],"_wpsp_enable_custom_social_template":false,"_wpsp_social_scheduling":{"enabled":false,"datetime":null,"platforms":[],"status":"template_only","dateOption":"today","timeOption":"now","customDays":"","customHours":"","customDate":"","customTime":"","schedulingType":"absolute"},"_wpsp_active_default_template":true},"class_list":["post-939","page","type-page","status-publish","hentry"],"yoast_head":"<!-- This site is optimized with the Yoast SEO plugin v27.0 - https:\/\/yoast.com\/product\/yoast-seo-wordpress\/ -->\n<title>D\u00e9p\u00f4ts Sedar - Cannara Biotech<\/title>\n<meta name=\"robots\" content=\"index, follow, max-snippet:-1, max-image-preview:large, max-video-preview:-1\" \/>\n<link rel=\"canonical\" href=\"https:\/\/www.cannara.ca\/fr\/depots-sedar\/\" \/>\n<meta property=\"og:locale\" content=\"fr_FR\" \/>\n<meta property=\"og:type\" content=\"article\" \/>\n<meta property=\"og:title\" content=\"D\u00e9p\u00f4ts Sedar - Cannara Biotech\" \/>\n<meta property=\"og:description\" content=\"D\u00e9p\u00f4ts Sedar Tous les \u00e9tats financiers et le rapport de gestion peuvent \u00eatre consult\u00e9s \u00e0 l&rsquo;adresse suivante : www.sedar.com.\" \/>\n<meta property=\"og:url\" content=\"https:\/\/www.cannara.ca\/fr\/depots-sedar\/\" \/>\n<meta property=\"og:site_name\" content=\"Cannara Biotech\" \/>\n<meta property=\"article:modified_time\" content=\"2024-11-11T18:30:53+00:00\" \/>\n<meta name=\"twitter:card\" content=\"summary_large_image\" \/>\n<script type=\"application\/ld+json\" class=\"yoast-schema-graph\">{\"@context\":\"https:\/\/schema.org\",\"@graph\":[{\"@type\":\"WebPage\",\"@id\":\"https:\/\/www.cannara.ca\/fr\/depots-sedar\/\",\"url\":\"https:\/\/www.cannara.ca\/fr\/depots-sedar\/\",\"name\":\"D\u00e9p\u00f4ts Sedar - Cannara Biotech\",\"isPartOf\":{\"@id\":\"https:\/\/www.cannara.ca\/fr\/#website\"},\"datePublished\":\"2024-10-14T02:04:48+00:00\",\"dateModified\":\"2024-11-11T18:30:53+00:00\",\"breadcrumb\":{\"@id\":\"https:\/\/www.cannara.ca\/fr\/depots-sedar\/#breadcrumb\"},\"inLanguage\":\"fr-FR\",\"potentialAction\":[{\"@type\":\"ReadAction\",\"target\":[\"https:\/\/www.cannara.ca\/fr\/depots-sedar\/\"]}]},{\"@type\":\"BreadcrumbList\",\"@id\":\"https:\/\/www.cannara.ca\/fr\/depots-sedar\/#breadcrumb\",\"itemListElement\":[{\"@type\":\"ListItem\",\"position\":1,\"name\":\"Home\",\"item\":\"https:\/\/www.cannara.ca\/fr\/\"},{\"@type\":\"ListItem\",\"position\":2,\"name\":\"D\u00e9p\u00f4ts Sedar\"}]},{\"@type\":\"WebSite\",\"@id\":\"https:\/\/www.cannara.ca\/fr\/#website\",\"url\":\"https:\/\/www.cannara.ca\/fr\/\",\"name\":\"Cannara Biotech\",\"description\":\"Premium Quality Cannabis\",\"publisher\":{\"@id\":\"https:\/\/www.cannara.ca\/fr\/#organization\"},\"potentialAction\":[{\"@type\":\"SearchAction\",\"target\":{\"@type\":\"EntryPoint\",\"urlTemplate\":\"https:\/\/www.cannara.ca\/fr\/?s={search_term_string}\"},\"query-input\":{\"@type\":\"PropertyValueSpecification\",\"valueRequired\":true,\"valueName\":\"search_term_string\"}}],\"inLanguage\":\"fr-FR\"},{\"@type\":\"Organization\",\"@id\":\"https:\/\/www.cannara.ca\/fr\/#organization\",\"name\":\"Cannara Biotech\",\"url\":\"https:\/\/www.cannara.ca\/fr\/\",\"logo\":{\"@type\":\"ImageObject\",\"inLanguage\":\"fr-FR\",\"@id\":\"https:\/\/www.cannara.ca\/fr\/#\/schema\/logo\/image\/\",\"url\":\"https:\/\/www.cannara.ca\/wp-content\/uploads\/2024\/10\/Cannara_LogoV1_500pxT.png\",\"contentUrl\":\"https:\/\/www.cannara.ca\/wp-content\/uploads\/2024\/10\/Cannara_LogoV1_500pxT.png\",\"width\":500,\"height\":135,\"caption\":\"Cannara Biotech\"},\"image\":{\"@id\":\"https:\/\/www.cannara.ca\/fr\/#\/schema\/logo\/image\/\"}}]}<\/script>\n<!-- \/ Yoast SEO plugin. -->","yoast_head_json":{"title":"D\u00e9p\u00f4ts Sedar - Cannara Biotech","robots":{"index":"index","follow":"follow","max-snippet":"max-snippet:-1","max-image-preview":"max-image-preview:large","max-video-preview":"max-video-preview:-1"},"canonical":"https:\/\/www.cannara.ca\/fr\/depots-sedar\/","og_locale":"fr_FR","og_type":"article","og_title":"D\u00e9p\u00f4ts Sedar - Cannara Biotech","og_description":"D\u00e9p\u00f4ts Sedar Tous les \u00e9tats financiers et le rapport de gestion peuvent \u00eatre consult\u00e9s \u00e0 l&rsquo;adresse suivante : www.sedar.com.","og_url":"https:\/\/www.cannara.ca\/fr\/depots-sedar\/","og_site_name":"Cannara Biotech","article_modified_time":"2024-11-11T18:30:53+00:00","twitter_card":"summary_large_image","schema":{"@context":"https:\/\/schema.org","@graph":[{"@type":"WebPage","@id":"https:\/\/www.cannara.ca\/fr\/depots-sedar\/","url":"https:\/\/www.cannara.ca\/fr\/depots-sedar\/","name":"D\u00e9p\u00f4ts Sedar - Cannara Biotech","isPartOf":{"@id":"https:\/\/www.cannara.ca\/fr\/#website"},"datePublished":"2024-10-14T02:04:48+00:00","dateModified":"2024-11-11T18:30:53+00:00","breadcrumb":{"@id":"https:\/\/www.cannara.ca\/fr\/depots-sedar\/#breadcrumb"},"inLanguage":"fr-FR","potentialAction":[{"@type":"ReadAction","target":["https:\/\/www.cannara.ca\/fr\/depots-sedar\/"]}]},{"@type":"BreadcrumbList","@id":"https:\/\/www.cannara.ca\/fr\/depots-sedar\/#breadcrumb","itemListElement":[{"@type":"ListItem","position":1,"name":"Home","item":"https:\/\/www.cannara.ca\/fr\/"},{"@type":"ListItem","position":2,"name":"D\u00e9p\u00f4ts Sedar"}]},{"@type":"WebSite","@id":"https:\/\/www.cannara.ca\/fr\/#website","url":"https:\/\/www.cannara.ca\/fr\/","name":"Cannara Biotech","description":"Premium Quality Cannabis","publisher":{"@id":"https:\/\/www.cannara.ca\/fr\/#organization"},"potentialAction":[{"@type":"SearchAction","target":{"@type":"EntryPoint","urlTemplate":"https:\/\/www.cannara.ca\/fr\/?s={search_term_string}"},"query-input":{"@type":"PropertyValueSpecification","valueRequired":true,"valueName":"search_term_string"}}],"inLanguage":"fr-FR"},{"@type":"Organization","@id":"https:\/\/www.cannara.ca\/fr\/#organization","name":"Cannara Biotech","url":"https:\/\/www.cannara.ca\/fr\/","logo":{"@type":"ImageObject","inLanguage":"fr-FR","@id":"https:\/\/www.cannara.ca\/fr\/#\/schema\/logo\/image\/","url":"https:\/\/www.cannara.ca\/wp-content\/uploads\/2024\/10\/Cannara_LogoV1_500pxT.png","contentUrl":"https:\/\/www.cannara.ca\/wp-content\/uploads\/2024\/10\/Cannara_LogoV1_500pxT.png","width":500,"height":135,"caption":"Cannara Biotech"},"image":{"@id":"https:\/\/www.cannara.ca\/fr\/#\/schema\/logo\/image\/"}}]}},"_links":{"self":[{"href":"https:\/\/www.cannara.ca\/fr\/wp-json\/wp\/v2\/pages\/939","targetHints":{"allow":["GET"]}}],"collection":[{"href":"https:\/\/www.cannara.ca\/fr\/wp-json\/wp\/v2\/pages"}],"about":[{"href":"https:\/\/www.cannara.ca\/fr\/wp-json\/wp\/v2\/types\/page"}],"author":[{"embeddable":true,"href":"https:\/\/www.cannara.ca\/fr\/wp-json\/wp\/v2\/users\/1"}],"replies":[{"embeddable":true,"href":"https:\/\/www.cannara.ca\/fr\/wp-json\/wp\/v2\/comments?post=939"}],"version-history":[{"count":0,"href":"https:\/\/www.cannara.ca\/fr\/wp-json\/wp\/v2\/pages\/939\/revisions"}],"wp:attachment":[{"href":"https:\/\/www.cannara.ca\/fr\/wp-json\/wp\/v2\/media?parent=939"}],"curies":[{"name":"wp","href":"https:\/\/api.w.org\/{rel}","templated":true}]}}