{"id":928,"date":"2024-10-13T21:58:34","date_gmt":"2024-10-14T01:58:34","guid":{"rendered":"https:\/\/cannara24.cryodragon.pro\/politique-de-confidentialite\/"},"modified":"2025-09-23T11:38:24","modified_gmt":"2025-09-23T15:38:24","slug":"politique-de-confidentialite","status":"publish","type":"page","link":"https:\/\/www.cannara.ca\/fr\/politique-de-confidentialite\/","title":{"rendered":"Politique de confidentialit\u00e9"},"content":{"rendered":"\t\t<div data-elementor-type=\"wp-page\" data-elementor-id=\"928\" class=\"elementor elementor-928 elementor-3\" data-elementor-post-type=\"page\">\n\t\t\t\t<div class=\"elementor-element elementor-element-294a86d5 e-flex e-con-boxed e-con e-parent\" data-id=\"294a86d5\" data-element_type=\"container\" data-e-type=\"container\" data-settings=\"{&quot;background_background&quot;:&quot;classic&quot;}\">\n\t\t\t\t\t<div class=\"e-con-inner\">\n\t\t\t\t<div class=\"elementor-element elementor-element-850bf8c elementor-widget elementor-widget-spacer\" data-id=\"850bf8c\" data-element_type=\"widget\" data-e-type=\"widget\" data-widget_type=\"spacer.default\">\n\t\t\t\t<div class=\"elementor-widget-container\">\n\t\t\t\t\t\t\t<div class=\"elementor-spacer\">\n\t\t\t<div class=\"elementor-spacer-inner\"><\/div>\n\t\t<\/div>\n\t\t\t\t\t\t<\/div>\n\t\t\t\t<\/div>\n\t\t\t\t<div class=\"elementor-element elementor-element-6e3a293 elementor-widget elementor-widget-heading\" data-id=\"6e3a293\" data-element_type=\"widget\" data-e-type=\"widget\" data-widget_type=\"heading.default\">\n\t\t\t\t<div class=\"elementor-widget-container\">\n\t\t\t\t\t<h2 class=\"elementor-heading-title elementor-size-default\">Politique de confidentialit\u00e9<span style=\"font-size: 2rem\"><\/span><\/h2>\t\t\t\t<\/div>\n\t\t\t\t<\/div>\n\t\t\t\t<div class=\"elementor-element elementor-element-55bca4b elementor-widget elementor-widget-text-editor\" data-id=\"55bca4b\" data-element_type=\"widget\" data-e-type=\"widget\" data-widget_type=\"text-editor.default\">\n\t\t\t\t<div class=\"elementor-widget-container\">\n\t\t\t\t\t\t\t\t\t<div class=\"overflow-wrap\"><div class=\"pp\"><div class=\"work-title\"><p class=\"ppb1\">La pr\u00e9sente politique de confidentialit\u00e9 d\u00e9crit les informations que nous recueillons et la fa\u00e7on dont nous utilisons et partageons ces informations. Nous vous encourageons \u00e0 communiquer avec nous pour toute question. En utilisant notre site (tel que d\u00e9fini ci-dessous), vous acceptez les pratiques \u00e9nonc\u00e9es dans la pr\u00e9sente politique de confidentialit\u00e9.<\/p><p>\u200d<strong>S&rsquo;applique en vertu de la loi canadienne<\/strong><\/p><p>\u200dLa pr\u00e9sente politique de confidentialit\u00e9 ne couvre que les activit\u00e9s qui sont assujetties aux dispositions des lois f\u00e9d\u00e9rales et provinciales du Canada sur la protection de la vie priv\u00e9e, le cas \u00e9ch\u00e9ant.<br \/><strong><br \/>Quand la pr\u00e9sente Politique de confidentialit\u00e9 s&rsquo;applique-t-elle\u00a0?<\/strong><\/p><p>\u200dCette politique de confidentialit\u00e9 s&rsquo;applique aux informations que nous recueillons par des moyens \u00e9lectroniques et num\u00e9riques, y compris par l&rsquo;interm\u00e9diaire de tous nos sites Web, y compris les sous-domaines et les versions mobiles de ceux-ci, et toutes les applications ou plateformes accessibles sur les sites Web (collectivement, notre \u00ab\u00a0Site\u00a0\u00bb). Notre site peut contenir des liens vers des sites tiers qui ne sont pas d\u00e9tenus ou contr\u00f4l\u00e9s par nous. Vous devez \u00eatre conscient lorsque vous quittez notre site, et vous devriez lire les d\u00e9clarations de confidentialit\u00e9 de chaque site tiers que vous visitez, car ces politiques de confidentialit\u00e9 de tiers s&rsquo;appliqueront \u00e0 vous et \u00e0 vos informations recueillies sur ces sites tiers.<br \/><strong><br \/>Quels renseignements recueillons-nous\u00a0?<\/strong><\/p><p>\u200dNous recueillons les informations que vous nous fournissez par divers moyens lors de l&rsquo;utilisation de notre site. Les informations que nous pouvons recueillir comprennent des informations personnellement identifiables, telles que votre nom, votre adresse personnelle, votre date de naissance, votre adresse e-mail, votre num\u00e9ro de t\u00e9l\u00e9phone et d&rsquo;autres informations. Nous pouvons \u00e9galement recueillir des informations non personnellement identifiables que vous fournissez, telles que votre sexe et votre \u00e2ge. \u2022 Nous pouvons utiliser des \u00e9tiquettes \u00e9lectroniques. Lorsque vous visitez ou utilisez notre site, nous pouvons envoyer un ou plusieurs \u00ab\u00a0cookies\u00a0\u00bb ou autres balises qui sont envoy\u00e9s \u00e0 votre ordinateur pour nous permettre de reconna\u00eetre votre navigateur lors de futures visites et\/ou de surveiller l&rsquo;utilisation de notre site.<\/p><p>\u2022 Nous pouvons \u00e9galement recueillir des informations de journal lorsque vous utilisez notre site, y compris votre adresse IP (protocole Internet), le type de navigateur, le type d&rsquo;ordinateur, le type d&rsquo;appareil mobile (le cas \u00e9ch\u00e9ant), le fournisseur de services pour votre appareil mobile, votre navigation sur notre site, l&rsquo;heure et la date de votre utilisation des sites Web et d&rsquo;autres informations anonymes similaires. Nous ne relions aucune de ces informations \u00e0 vos informations personnellement identifiables.<\/p><p>\u2022 Nous recueillons des donn\u00e9es par l&rsquo;entremise de Google Analytics.<br \/><strong><br \/>Comment Google utilise les informations provenant des sites<\/strong>.<\/p><p>Google utilise les informations partag\u00e9es par les sites et applications pour fournir nos services, les maintenir et les am\u00e9liorer, d\u00e9velopper de nouveaux services, mesurer l&rsquo;efficacit\u00e9 de la publicit\u00e9, prot\u00e9ger contre la fraude et les abus et personnaliser le contenu et les publicit\u00e9s que vous voyez sur Google et sur les sites et applications de nos partenaires. Cela inclut l&rsquo;URL de la page que vous visitez et votre adresse IP. Ils peuvent \u00e9galement placer des cookies sur votre navigateur ou lire des t\u00e9moins qui sont d\u00e9j\u00e0 l\u00e0. Consultez la politique de confidentialit\u00e9 de Google pour en savoir plus sur la fa\u00e7on dont ils traitent les donn\u00e9es.<br \/><strong><br \/>\u00c0 quoi servons-nous vos informations\u00a0?<\/strong><\/p><p>Nous utilisons vos informations pour fournir des produits, des services et des informations et am\u00e9liorer nos services. Nous pouvons utiliser vos informations \u00e0 des fins commerciales telles que l&rsquo;analyse de donn\u00e9es, les audits, la surveillance et la pr\u00e9vention de la fraude, pour d\u00e9velopper de nouveaux produits et services, et pour am\u00e9liorer, am\u00e9liorer et\/ou modifier notre site. Nous pouvons utiliser des informations non personnellement identifiables \u00e0 n&rsquo;importe quelle fin, sauf lorsque nous sommes tenus de faire autrement par la loi applicable. Dans la mesure o\u00f9 nous combinons des informations non personnellement identifiables avec des informations personnellement identifiables, nous traiterons les informations combin\u00e9es comme des informations personnellement identifiables tant qu&rsquo;elles restent combin\u00e9es.<\/p><p>Nous pouvons \u00e9galement divulguer vos informations personnelles \u00e0 des tiers appropri\u00e9s si nous sommes tenus de le faire par la loi, y compris (i) pour nous conformer \u00e0 une proc\u00e9dure l\u00e9gale, (ii) pour prot\u00e9ger nos droits, (iii) pour enqu\u00eater sur les violations des Conditions g\u00e9n\u00e9rales (telles que d\u00e9finies ci-dessous), ou (iv) en cas d&rsquo;urgence. Nous pouvons \u00e9galement divulguer vos renseignements personnels \u00e0 nos filiales et soci\u00e9t\u00e9s affili\u00e9es, \u00e0 nos fournisseurs de services et fournisseurs qui soutiennent notre entreprise, et \u00e0 un acheteur de tout ou partie de notre soci\u00e9t\u00e9.<\/p><p>En utilisant notre site, vous nous donnez votre consentement clair pour traiter vos informations personnellement identifiables, les informations non personnellement identifiables et toute autre information que vous nous fournissez aux fins \u00e9nonc\u00e9es ci-dessus. Vous avez le droit de r\u00e9voquer ce consentement, et cette r\u00e9vocation prendra effet d\u00e8s que nous aurons re\u00e7u votre r\u00e9vocation \u00e0 l&rsquo;adresse de contact indiqu\u00e9e ci-dessous. De plus, nous nous r\u00e9servons le droit de nous appuyer sur toute autre base l\u00e9gale pour traiter vos informations, sous r\u00e9serve de la loi applicable.<\/p><p>Comment prot\u00e9geons-nous ces renseignements\u00a0?<\/p><p>\u200dToute information que vous nous transmettez est utilis\u00e9e uniquement aux fins que vous avez identifi\u00e9es dans la soumission, ainsi qu&rsquo;aux fins \u00e9nonc\u00e9es ci-dessus dans la pr\u00e9sente Politique de confidentialit\u00e9. Nous utilisons diverses mesures de s\u00e9curit\u00e9 physiques, techniques et administratives conformes aux normes de l&rsquo;industrie pour assurer la s\u00e9curit\u00e9 de vos informations.<br \/><strong><br \/>Divulguons-nous des renseignements \u00e0 des tiers\u00a0?<\/strong><\/p><p>\u200dOutre le partage des informations comme indiqu\u00e9 ci-dessus, nous pouvons partager vos informations avec des tiers externes uniquement dans la mesure o\u00f9 vous nous en avez donn\u00e9 la permission. De m\u00eame, si vous publiez des avis, des commentaires, des informations ou d&rsquo;autres documents sur le site Web ou sur des babillards \u00e9lectroniques, des blogues, des pages de m\u00e9dias sociaux ou d&rsquo;autres services offerts par nous ou par des tiers, veuillez noter que ces informations deviendront publiques et pourront \u00eatre mises \u00e0 la disposition des utilisateurs de notre site, des sites Web sur lesquels vous publiez et\/ou du grand public. Nous pouvons \u00e9galement partager les informations que vous publiez sur notre site avec vos amis associ\u00e9s \u00e0 vos comptes de m\u00e9dias sociaux, \u00e0 votre service de m\u00e9dias sociaux ou \u00e0 d&rsquo;autres membres dans le cadre de votre partage social. Nous vous invitons \u00e0 faire attention aux renseignements que vous partagez de mani\u00e8re publique.<br \/><strong><br \/>Changements apport\u00e9s \u00e0 la pr\u00e9sente politique de confidentialit\u00e9\u00a0:<\/strong><\/p><p>\u200dNous nous r\u00e9servons le droit de modifier cette politique de confidentialit\u00e9 \u00e0 tout moment et vous encourageons \u00e0 y revenir r\u00e9guli\u00e8rement. Si nous d\u00e9cidons de modifier cette politique de confidentialit\u00e9, nous afficherons un avis indiquant que cette politique de confidentialit\u00e9 a chang\u00e9 sur notre site, le cas \u00e9ch\u00e9ant. Votre consentement\u00a0: En utilisant l&rsquo;un de nos sites, vous consentez \u00e0 cette politique de confidentialit\u00e9. Les modalit\u00e9s de cette politique de confidentialit\u00e9 s&rsquo;appliquent \u00e0 toutes les informations que vous partagez et\/ou que vous avez partag\u00e9es avec nous. Si vous souhaitez refuser le partage de vos informations tel que d\u00e9crit dans la pr\u00e9sente politique de confidentialit\u00e9, veuillez communiquer avec nous pour le faire. Vous pouvez \u00e9galement vous d\u00e9sinscrire ou vous d\u00e9sabonner des communications que nous vous envoyons. Nous honorerons ces demandes d\u00e8s que possible apr\u00e8s les avoir re\u00e7ues. Cependant, veuillez nous donner le temps de traiter de telles demandes.<br \/><strong><br \/>Nous joindre\u00a0:<\/strong><\/p><p>\u200dPour poser des questions ou formuler des commentaires au sujet de cette politique, communiquez avec nous au\u00a0<a href=\"mailto:info@cannara.ca\">Courriel : info@cannara.ca<\/a>.<\/p><\/div><\/div><\/div><section class=\"footer\"><div class=\"w-layout-blockcontainer main-container-copy w-container\">\u00a0<\/div><\/section>\t\t\t\t\t\t\t\t<\/div>\n\t\t\t\t<\/div>\n\t\t\t\t\t<\/div>\n\t\t\t\t<\/div>\n\t\t\t\t<\/div>\n\t\t","protected":false},"excerpt":{"rendered":"<p>Politique de confidentialit\u00e9 La pr\u00e9sente politique de confidentialit\u00e9 d\u00e9crit les informations que nous recueillons et la fa\u00e7on dont nous utilisons et partageons ces informations. Nous vous encourageons \u00e0 communiquer avec nous pour toute question. En utilisant notre site (tel que d\u00e9fini ci-dessous), vous acceptez les pratiques \u00e9nonc\u00e9es dans la pr\u00e9sente politique de confidentialit\u00e9. \u200dS&rsquo;applique en [&hellip;]<\/p>\n","protected":false},"author":1,"featured_media":0,"parent":0,"menu_order":0,"comment_status":"closed","ping_status":"closed","template":"","meta":{"footnotes":"","_links_to":"","_links_to_target":"","_wpscp_schedule_draft_date":"","_wpscp_schedule_republish_date":"","_wpscppro_advance_schedule":false,"_wpscppro_advance_schedule_date":"","_wpscppro_dont_share_socialmedia":false,"_wpscppro_custom_social_share_image":0,"_facebook_share_type":"","_twitter_share_type":"","_linkedin_share_type":"","_pinterest_share_type":"","_linkedin_share_type_page":"","_instagram_share_type":"","_medium_share_type":"","_threads_share_type":"","_google_business_share_type":"","_selected_social_profile":[],"_wpsp_enable_custom_social_template":false,"_wpsp_social_scheduling":{"enabled":false,"datetime":null,"platforms":[],"status":"template_only","dateOption":"today","timeOption":"now","customDays":"","customHours":"","customDate":"","customTime":"","schedulingType":"absolute"},"_wpsp_active_default_template":true},"class_list":["post-928","page","type-page","status-publish","hentry"],"yoast_head":"<!-- This site is optimized with the Yoast SEO plugin v27.4 - https:\/\/yoast.com\/product\/yoast-seo-wordpress\/ -->\n<title>Politique de confidentialit\u00e9 - Cannara Biotech<\/title>\n<meta name=\"robots\" content=\"index, follow, max-snippet:-1, max-image-preview:large, max-video-preview:-1\" \/>\n<link rel=\"canonical\" href=\"https:\/\/www.cannara.ca\/fr\/politique-de-confidentialite\/\" \/>\n<meta property=\"og:locale\" content=\"fr_FR\" \/>\n<meta property=\"og:type\" content=\"article\" \/>\n<meta property=\"og:title\" content=\"Politique de confidentialit\u00e9 - Cannara Biotech\" \/>\n<meta property=\"og:description\" content=\"Politique de confidentialit\u00e9 La pr\u00e9sente politique de confidentialit\u00e9 d\u00e9crit les informations que nous recueillons et la fa\u00e7on dont nous utilisons et partageons ces informations. Nous vous encourageons \u00e0 communiquer avec nous pour toute question. En utilisant notre site (tel que d\u00e9fini ci-dessous), vous acceptez les pratiques \u00e9nonc\u00e9es dans la pr\u00e9sente politique de confidentialit\u00e9. \u200dS&rsquo;applique en [&hellip;]\" \/>\n<meta property=\"og:url\" content=\"https:\/\/www.cannara.ca\/fr\/politique-de-confidentialite\/\" \/>\n<meta property=\"og:site_name\" content=\"Cannara Biotech\" \/>\n<meta property=\"article:modified_time\" content=\"2025-09-23T15:38:24+00:00\" \/>\n<meta name=\"twitter:card\" content=\"summary_large_image\" \/>\n<meta name=\"twitter:label1\" content=\"Est. reading time\" \/>\n\t<meta name=\"twitter:data1\" content=\"7 minutes\" \/>\n<script type=\"application\/ld+json\" class=\"yoast-schema-graph\">{\"@context\":\"https:\\\/\\\/schema.org\",\"@graph\":[{\"@type\":\"WebPage\",\"@id\":\"https:\\\/\\\/www.cannara.ca\\\/fr\\\/politique-de-confidentialite\\\/\",\"url\":\"https:\\\/\\\/www.cannara.ca\\\/fr\\\/politique-de-confidentialite\\\/\",\"name\":\"Politique de confidentialit\u00e9 - Cannara Biotech\",\"isPartOf\":{\"@id\":\"https:\\\/\\\/www.cannara.ca\\\/fr\\\/#website\"},\"datePublished\":\"2024-10-14T01:58:34+00:00\",\"dateModified\":\"2025-09-23T15:38:24+00:00\",\"breadcrumb\":{\"@id\":\"https:\\\/\\\/www.cannara.ca\\\/fr\\\/politique-de-confidentialite\\\/#breadcrumb\"},\"inLanguage\":\"fr-FR\",\"potentialAction\":[{\"@type\":\"ReadAction\",\"target\":[\"https:\\\/\\\/www.cannara.ca\\\/fr\\\/politique-de-confidentialite\\\/\"]}]},{\"@type\":\"BreadcrumbList\",\"@id\":\"https:\\\/\\\/www.cannara.ca\\\/fr\\\/politique-de-confidentialite\\\/#breadcrumb\",\"itemListElement\":[{\"@type\":\"ListItem\",\"position\":1,\"name\":\"Home\",\"item\":\"https:\\\/\\\/www.cannara.ca\\\/fr\\\/\"},{\"@type\":\"ListItem\",\"position\":2,\"name\":\"Politique de confidentialit\u00e9\"}]},{\"@type\":\"WebSite\",\"@id\":\"https:\\\/\\\/www.cannara.ca\\\/fr\\\/#website\",\"url\":\"https:\\\/\\\/www.cannara.ca\\\/fr\\\/\",\"name\":\"Cannara Biotech\",\"description\":\"Premium Quality Cannabis\",\"publisher\":{\"@id\":\"https:\\\/\\\/www.cannara.ca\\\/fr\\\/#organization\"},\"potentialAction\":[{\"@type\":\"SearchAction\",\"target\":{\"@type\":\"EntryPoint\",\"urlTemplate\":\"https:\\\/\\\/www.cannara.ca\\\/fr\\\/?s={search_term_string}\"},\"query-input\":{\"@type\":\"PropertyValueSpecification\",\"valueRequired\":true,\"valueName\":\"search_term_string\"}}],\"inLanguage\":\"fr-FR\"},{\"@type\":\"Organization\",\"@id\":\"https:\\\/\\\/www.cannara.ca\\\/fr\\\/#organization\",\"name\":\"Cannara Biotech\",\"url\":\"https:\\\/\\\/www.cannara.ca\\\/fr\\\/\",\"logo\":{\"@type\":\"ImageObject\",\"inLanguage\":\"fr-FR\",\"@id\":\"https:\\\/\\\/www.cannara.ca\\\/fr\\\/#\\\/schema\\\/logo\\\/image\\\/\",\"url\":\"https:\\\/\\\/www.cannara.ca\\\/wp-content\\\/uploads\\\/2024\\\/10\\\/Cannara_LogoV1_500pxT.png\",\"contentUrl\":\"https:\\\/\\\/www.cannara.ca\\\/wp-content\\\/uploads\\\/2024\\\/10\\\/Cannara_LogoV1_500pxT.png\",\"width\":500,\"height\":135,\"caption\":\"Cannara Biotech\"},\"image\":{\"@id\":\"https:\\\/\\\/www.cannara.ca\\\/fr\\\/#\\\/schema\\\/logo\\\/image\\\/\"}}]}<\/script>\n<!-- \/ Yoast SEO plugin. -->","yoast_head_json":{"title":"Politique de confidentialit\u00e9 - Cannara Biotech","robots":{"index":"index","follow":"follow","max-snippet":"max-snippet:-1","max-image-preview":"max-image-preview:large","max-video-preview":"max-video-preview:-1"},"canonical":"https:\/\/www.cannara.ca\/fr\/politique-de-confidentialite\/","og_locale":"fr_FR","og_type":"article","og_title":"Politique de confidentialit\u00e9 - Cannara Biotech","og_description":"Politique de confidentialit\u00e9 La pr\u00e9sente politique de confidentialit\u00e9 d\u00e9crit les informations que nous recueillons et la fa\u00e7on dont nous utilisons et partageons ces informations. Nous vous encourageons \u00e0 communiquer avec nous pour toute question. En utilisant notre site (tel que d\u00e9fini ci-dessous), vous acceptez les pratiques \u00e9nonc\u00e9es dans la pr\u00e9sente politique de confidentialit\u00e9. \u200dS&rsquo;applique en [&hellip;]","og_url":"https:\/\/www.cannara.ca\/fr\/politique-de-confidentialite\/","og_site_name":"Cannara Biotech","article_modified_time":"2025-09-23T15:38:24+00:00","twitter_card":"summary_large_image","twitter_misc":{"Est. reading time":"7 minutes"},"schema":{"@context":"https:\/\/schema.org","@graph":[{"@type":"WebPage","@id":"https:\/\/www.cannara.ca\/fr\/politique-de-confidentialite\/","url":"https:\/\/www.cannara.ca\/fr\/politique-de-confidentialite\/","name":"Politique de confidentialit\u00e9 - Cannara Biotech","isPartOf":{"@id":"https:\/\/www.cannara.ca\/fr\/#website"},"datePublished":"2024-10-14T01:58:34+00:00","dateModified":"2025-09-23T15:38:24+00:00","breadcrumb":{"@id":"https:\/\/www.cannara.ca\/fr\/politique-de-confidentialite\/#breadcrumb"},"inLanguage":"fr-FR","potentialAction":[{"@type":"ReadAction","target":["https:\/\/www.cannara.ca\/fr\/politique-de-confidentialite\/"]}]},{"@type":"BreadcrumbList","@id":"https:\/\/www.cannara.ca\/fr\/politique-de-confidentialite\/#breadcrumb","itemListElement":[{"@type":"ListItem","position":1,"name":"Home","item":"https:\/\/www.cannara.ca\/fr\/"},{"@type":"ListItem","position":2,"name":"Politique de confidentialit\u00e9"}]},{"@type":"WebSite","@id":"https:\/\/www.cannara.ca\/fr\/#website","url":"https:\/\/www.cannara.ca\/fr\/","name":"Cannara Biotech","description":"Premium Quality Cannabis","publisher":{"@id":"https:\/\/www.cannara.ca\/fr\/#organization"},"potentialAction":[{"@type":"SearchAction","target":{"@type":"EntryPoint","urlTemplate":"https:\/\/www.cannara.ca\/fr\/?s={search_term_string}"},"query-input":{"@type":"PropertyValueSpecification","valueRequired":true,"valueName":"search_term_string"}}],"inLanguage":"fr-FR"},{"@type":"Organization","@id":"https:\/\/www.cannara.ca\/fr\/#organization","name":"Cannara Biotech","url":"https:\/\/www.cannara.ca\/fr\/","logo":{"@type":"ImageObject","inLanguage":"fr-FR","@id":"https:\/\/www.cannara.ca\/fr\/#\/schema\/logo\/image\/","url":"https:\/\/www.cannara.ca\/wp-content\/uploads\/2024\/10\/Cannara_LogoV1_500pxT.png","contentUrl":"https:\/\/www.cannara.ca\/wp-content\/uploads\/2024\/10\/Cannara_LogoV1_500pxT.png","width":500,"height":135,"caption":"Cannara Biotech"},"image":{"@id":"https:\/\/www.cannara.ca\/fr\/#\/schema\/logo\/image\/"}}]}},"_links":{"self":[{"href":"https:\/\/www.cannara.ca\/fr\/wp-json\/wp\/v2\/pages\/928","targetHints":{"allow":["GET"]}}],"collection":[{"href":"https:\/\/www.cannara.ca\/fr\/wp-json\/wp\/v2\/pages"}],"about":[{"href":"https:\/\/www.cannara.ca\/fr\/wp-json\/wp\/v2\/types\/page"}],"author":[{"embeddable":true,"href":"https:\/\/www.cannara.ca\/fr\/wp-json\/wp\/v2\/users\/1"}],"replies":[{"embeddable":true,"href":"https:\/\/www.cannara.ca\/fr\/wp-json\/wp\/v2\/comments?post=928"}],"version-history":[{"count":0,"href":"https:\/\/www.cannara.ca\/fr\/wp-json\/wp\/v2\/pages\/928\/revisions"}],"wp:attachment":[{"href":"https:\/\/www.cannara.ca\/fr\/wp-json\/wp\/v2\/media?parent=928"}],"curies":[{"name":"wp","href":"https:\/\/api.w.org\/{rel}","templated":true}]}}