{"id":922,"date":"2024-10-14T02:01:53","date_gmt":"2024-10-14T02:01:53","guid":{"rendered":"https:\/\/cannara24.cryodragon.pro\/carrieres\/"},"modified":"2024-11-11T18:30:49","modified_gmt":"2024-11-11T18:30:49","slug":"carrieres","status":"publish","type":"page","link":"https:\/\/www.cannara.ca\/fr\/carrieres\/","title":{"rendered":"Carri\u00e8res"},"content":{"rendered":"\t\t<div data-elementor-type=\"wp-page\" data-elementor-id=\"922\" class=\"elementor elementor-922 elementor-34\" data-elementor-post-type=\"page\">\n\t\t\t\t<div class=\"elementor-element elementor-element-08b3438 e-flex e-con-boxed e-con e-parent\" data-id=\"08b3438\" data-element_type=\"container\" data-e-type=\"container\" data-settings=\"{&quot;background_background&quot;:&quot;classic&quot;}\">\n\t\t\t\t\t<div class=\"e-con-inner\">\n\t\t<div class=\"elementor-element elementor-element-258fa90 e-con-full e-flex e-con e-child\" data-id=\"258fa90\" data-element_type=\"container\" data-e-type=\"container\">\n\t\t\t\t<div class=\"elementor-element elementor-element-28baee0 elementor-widget elementor-widget-heading\" data-id=\"28baee0\" data-element_type=\"widget\" data-e-type=\"widget\" data-widget_type=\"heading.default\">\n\t\t\t\t<div class=\"elementor-widget-container\">\n\t\t\t\t\t<h1 class=\"elementor-heading-title elementor-size-default\">Carri\u00e8res \u00e0 Cannara<\/h1>\t\t\t\t<\/div>\n\t\t\t\t<\/div>\n\t\t\t\t<div class=\"elementor-element elementor-element-055ff21 elementor-widget elementor-widget-heading\" data-id=\"055ff21\" data-element_type=\"widget\" data-e-type=\"widget\" data-widget_type=\"heading.default\">\n\t\t\t\t<div class=\"elementor-widget-container\">\n\t\t\t\t\t<h2 class=\"elementor-heading-title elementor-size-default\">Forger une nouvelle voie<\/h2>\t\t\t\t<\/div>\n\t\t\t\t<\/div>\n\t\t\t\t<div class=\"elementor-element elementor-element-b0e3ef3 elementor-widget elementor-widget-text-editor\" data-id=\"b0e3ef3\" data-element_type=\"widget\" data-e-type=\"widget\" data-widget_type=\"text-editor.default\">\n\t\t\t\t<div class=\"elementor-widget-container\">\n\t\t\t\t\t\t\t\t\t<section class=\"section mcb-section mfn-default-section mcb-section-mjto6zsjj full-screen hide-mobile bg-cover\">\n<div class=\"section_wrapper mfn-wrapper-for-wraps mcb-section-inner mcb-section-inner-mjto6zsjj\">\n<div class=\"wrap mcb-wrap mcb-wrap-78jmsokbq one tablet-one laptop-one mobile-one investors-wrap valign-top clearfix\" data-desktop-col=\"one\" data-laptop-col=\"laptop-one\" data-tablet-col=\"tablet-one\" data-mobile-col=\"mobile-one\">\n<div class=\"mcb-wrap-inner mcb-wrap-inner-78jmsokbq mfn-module-wrapper mfn-wrapper-for-wraps\">\n<div class=\"column mcb-column mcb-item-ff36iefli one-second laptop-one-second tablet-one-second mobile-one column_column animate fadeIn\" data-anim-type=\"fadeIn\">\n<div class=\"mcb-column-inner mfn-module-wrapper mcb-column-inner-ff36iefli mcb-item-column-inner\">\n<div class=\"column_attr mfn-inline-editor clearfix\">\n<section class=\"section mcb-section mfn-default-section mcb-section-4h6nw29h8 full-screen hide-mobile bg-cover\">\n<div class=\"section_wrapper mfn-wrapper-for-wraps mcb-section-inner mcb-section-inner-4h6nw29h8\">\n<div class=\"wrap mcb-wrap mcb-wrap-vb5bns4km one tablet-one laptop-one mobile-one investors-wrap valign-top clearfix\" data-desktop-col=\"one\" data-laptop-col=\"laptop-one\" data-tablet-col=\"tablet-one\" data-mobile-col=\"mobile-one\">\n<div class=\"mcb-wrap-inner mcb-wrap-inner-vb5bns4km mfn-module-wrapper mfn-wrapper-for-wraps\">\n<div class=\"column mcb-column mcb-item-ylcr1qcck one-second laptop-one-second tablet-one-second mobile-one column_column\">\n<div class=\"mcb-column-inner mfn-module-wrapper mcb-column-inner-ylcr1qcck mcb-item-column-inner\">\n<div class=\"column_attr mfn-inline-editor clearfix\">\n<p class=\"homepage-subtitle\">Vous \u00eates \u00e0 la recherche d&rsquo;une carri\u00e8re dans le domaine du cannabis ? Mieux encore, vous souhaitez rejoindre une \u00e9quipe qui veut montrer la voie ? Vous \u00eates au bon endroit !  <\/p>\n<\/div>\n<\/div>\n<\/div>\n<\/div>\n<\/div>\n<\/div>\n<\/section>\n<section class=\"section mcb-section mfn-default-section mcb-section-0hky6vsni\"><\/section>\n<\/div>\n<\/div>\n<\/div>\n<\/div>\n<\/div>\n<\/div>\n<\/section>\n<section class=\"section mcb-section mfn-default-section mcb-section-34ferjuj6 full-screen hide-desktop hide-tablet bg-cover\"><\/section>\n\t\t\t\t\t\t\t\t<\/div>\n\t\t\t\t<\/div>\n\t\t\t\t<\/div>\n\t\t<div class=\"elementor-element elementor-element-98c15a5 e-con-full elementor-hidden-mobile e-flex e-con e-child\" data-id=\"98c15a5\" data-element_type=\"container\" data-e-type=\"container\">\n\t\t\t\t<\/div>\n\t\t\t\t\t<\/div>\n\t\t\t\t<\/div>\n\t\t<div class=\"elementor-element elementor-element-8069ad5 e-flex e-con-boxed e-con e-parent\" data-id=\"8069ad5\" data-element_type=\"container\" data-e-type=\"container\" data-settings=\"{&quot;background_background&quot;:&quot;classic&quot;}\">\n\t\t\t\t\t<div class=\"e-con-inner\">\n\t\t<div class=\"elementor-element elementor-element-fa4e96b e-con-full e-flex e-con e-child\" data-id=\"fa4e96b\" data-element_type=\"container\" data-e-type=\"container\">\n\t\t\t\t<div class=\"elementor-element elementor-element-9e9645c elementor-widget elementor-widget-heading\" data-id=\"9e9645c\" data-element_type=\"widget\" data-e-type=\"widget\" data-widget_type=\"heading.default\">\n\t\t\t\t<div class=\"elementor-widget-container\">\n\t\t\t\t\t<h2 class=\"elementor-heading-title elementor-size-default\">D\u00e9couvrez nos postes<\/h2>\t\t\t\t<\/div>\n\t\t\t\t<\/div>\n\t\t\t\t<div class=\"elementor-element elementor-element-130acae elementor-widget__width-inherit elementor-widget elementor-widget-text-editor\" data-id=\"130acae\" data-element_type=\"widget\" data-e-type=\"widget\" data-widget_type=\"text-editor.default\">\n\t\t\t\t<div class=\"elementor-widget-container\">\n\t\t\t\t\t\t\t\t\t<p><div class=\"job_listings\" data-location=\"\" data-keywords=\"\" data-show_filters=\"true\" data-show_pagination=\"false\" data-per_page=\"20\" data-orderby=\"featured\" data-order=\"DESC\" data-categories=\"\" data-disable-form-state-storage=\"\" data-featured_first=\"false\" data-post_id=\"922\" >\n<form class=\"job_filters\">\n\t\n\t<div class=\"search_jobs\">\n\t\t\n\t\t<div class=\"search_keywords\">\n\t\t\t<label for=\"search_keywords\">Mots-cl\u00e9s<\/label>\n\t\t\t<input type=\"text\" name=\"search_keywords\" id=\"search_keywords\" placeholder=\"Mots-cl\u00e9s\" value=\"\" \/>\n\t\t<\/div>\n\n\t\t<div class=\"search_location\">\n\t\t\t<label for=\"search_location\">Localisation<\/label>\n\t\t\t<input type=\"text\" name=\"search_location\" id=\"search_location\" placeholder=\"Localisation\" value=\"\" \/>\n\t\t<\/div>\n\n\t\t\t\t\t<div class=\"search_remote_position\">\n\t\t\t\t<input type=\"checkbox\" class=\"input-checkbox\" name=\"remote_position\" id=\"remote_position\" placeholder=\"Localisation\" value=\"1\"  \/>\n\t\t\t\t<label for=\"remote_position\" id=\"remote_position_label\">Postes en t\u00e9l\u00e9travail uniquement<\/label>\n\t\t\t<\/div>\n\t\t\n\t\t<div style=\"clear: both\"><\/div>\n\n\t\t\n\t\t\t\t\t<div class=\"search_submit\">\n\t\t\t\t<input type=\"submit\" value=\"Rechercher des offres d\u2019emploi\">\n\t\t\t<\/div>\n\t\t\n\t\t\t<\/div>\n\n\t\t<ul class=\"job_types\">\n\t\t\t\t\t<li><label for=\"job_type_temps-plein\" class=\"temps-plein\"><input type=\"checkbox\" name=\"filter_job_type[]\" value=\"temps-plein\"  checked='checked' id=\"job_type_temps-plein\" \/> Temps plein<\/label><\/li>\n\t\t\t<\/ul>\n\t<input type=\"hidden\" name=\"filter_job_type[]\" value=\"\" \/>\n<div class=\"showing_jobs\"><\/div><\/form>\n\n\n<noscript>Votre navigateur ne supporte pas JavaScript, ou bien JavaScript est d\u00e9sactiv\u00e9. JavaScript doit \u00eatre activ\u00e9 pour pouvoir visualiser des postes.<\/noscript>\n<ul class=\"job_listings\">\n<\/ul>\n<a class=\"load_more_jobs\" href=\"#\" style=\"display:none;\"><strong>Afficher plus d\u2019offres<\/strong><\/a><\/div><\/p>\n<p><span style=\"color: #999999;\"><em>L&rsquo;utilisation du masculin n&rsquo;est utilis\u00e9e que pour all\u00e9ger le texte.<\/em><\/span><\/p>\n\t\t\t\t\t\t\t\t<\/div>\n\t\t\t\t<\/div>\n\t\t\t\t<\/div>\n\t\t\t\t\t<\/div>\n\t\t\t\t<\/div>\n\t\t\t\t<\/div>\n\t\t","protected":false},"excerpt":{"rendered":"<p>Carri\u00e8res \u00e0 Cannara Forger une nouvelle voie Vous \u00eates \u00e0 la recherche d&rsquo;une carri\u00e8re dans le domaine du cannabis ? Mieux encore, vous souhaitez rejoindre une \u00e9quipe qui veut montrer la voie ? Vous \u00eates au bon endroit ! D\u00e9couvrez nos postes L&rsquo;utilisation du masculin n&rsquo;est utilis\u00e9e que pour all\u00e9ger le texte.<\/p>\n","protected":false},"author":1,"featured_media":0,"parent":0,"menu_order":0,"comment_status":"closed","ping_status":"closed","template":"","meta":{"footnotes":"","_links_to":"","_links_to_target":"","_wpscp_schedule_draft_date":"","_wpscp_schedule_republish_date":"","_wpscppro_advance_schedule":false,"_wpscppro_advance_schedule_date":"","_wpscppro_dont_share_socialmedia":false,"_wpscppro_custom_social_share_image":0,"_facebook_share_type":"","_twitter_share_type":"","_linkedin_share_type":"","_pinterest_share_type":"","_linkedin_share_type_page":"","_instagram_share_type":"","_medium_share_type":"","_threads_share_type":"","_google_business_share_type":"","_selected_social_profile":[],"_wpsp_enable_custom_social_template":false,"_wpsp_social_scheduling":{"enabled":false,"datetime":null,"platforms":[],"status":"template_only","dateOption":"today","timeOption":"now","customDays":"","customHours":"","customDate":"","customTime":"","schedulingType":"absolute"},"_wpsp_active_default_template":true},"class_list":["post-922","page","type-page","status-publish","hentry"],"yoast_head":"<!-- This site is optimized with the Yoast SEO plugin v27.4 - https:\/\/yoast.com\/product\/yoast-seo-wordpress\/ -->\n<title>Carri\u00e8res - Cannara Biotech<\/title>\n<meta name=\"robots\" content=\"index, follow, max-snippet:-1, max-image-preview:large, max-video-preview:-1\" \/>\n<link rel=\"canonical\" href=\"https:\/\/www.cannara.ca\/fr\/carrieres\/\" \/>\n<meta property=\"og:locale\" content=\"fr_FR\" \/>\n<meta property=\"og:type\" content=\"article\" \/>\n<meta property=\"og:title\" content=\"Carri\u00e8res - Cannara Biotech\" \/>\n<meta property=\"og:description\" content=\"Carri\u00e8res \u00e0 Cannara Forger une nouvelle voie Vous \u00eates \u00e0 la recherche d&rsquo;une carri\u00e8re dans le domaine du cannabis ? Mieux encore, vous souhaitez rejoindre une \u00e9quipe qui veut montrer la voie ? Vous \u00eates au bon endroit ! D\u00e9couvrez nos postes L&rsquo;utilisation du masculin n&rsquo;est utilis\u00e9e que pour all\u00e9ger le texte.\" \/>\n<meta property=\"og:url\" content=\"https:\/\/www.cannara.ca\/fr\/carrieres\/\" \/>\n<meta property=\"og:site_name\" content=\"Cannara Biotech\" \/>\n<meta property=\"article:modified_time\" content=\"2024-11-11T18:30:49+00:00\" \/>\n<meta name=\"twitter:card\" content=\"summary_large_image\" \/>\n<script type=\"application\/ld+json\" class=\"yoast-schema-graph\">{\"@context\":\"https:\\\/\\\/schema.org\",\"@graph\":[{\"@type\":\"WebPage\",\"@id\":\"https:\\\/\\\/www.cannara.ca\\\/fr\\\/carrieres\\\/\",\"url\":\"https:\\\/\\\/www.cannara.ca\\\/fr\\\/carrieres\\\/\",\"name\":\"Carri\u00e8res - Cannara Biotech\",\"isPartOf\":{\"@id\":\"https:\\\/\\\/www.cannara.ca\\\/fr\\\/#website\"},\"datePublished\":\"2024-10-14T02:01:53+00:00\",\"dateModified\":\"2024-11-11T18:30:49+00:00\",\"breadcrumb\":{\"@id\":\"https:\\\/\\\/www.cannara.ca\\\/fr\\\/carrieres\\\/#breadcrumb\"},\"inLanguage\":\"fr-FR\",\"potentialAction\":[{\"@type\":\"ReadAction\",\"target\":[\"https:\\\/\\\/www.cannara.ca\\\/fr\\\/carrieres\\\/\"]}]},{\"@type\":\"BreadcrumbList\",\"@id\":\"https:\\\/\\\/www.cannara.ca\\\/fr\\\/carrieres\\\/#breadcrumb\",\"itemListElement\":[{\"@type\":\"ListItem\",\"position\":1,\"name\":\"Home\",\"item\":\"https:\\\/\\\/www.cannara.ca\\\/fr\\\/\"},{\"@type\":\"ListItem\",\"position\":2,\"name\":\"Carri\u00e8res\"}]},{\"@type\":\"WebSite\",\"@id\":\"https:\\\/\\\/www.cannara.ca\\\/fr\\\/#website\",\"url\":\"https:\\\/\\\/www.cannara.ca\\\/fr\\\/\",\"name\":\"Cannara Biotech\",\"description\":\"Premium Quality Cannabis\",\"publisher\":{\"@id\":\"https:\\\/\\\/www.cannara.ca\\\/fr\\\/#organization\"},\"potentialAction\":[{\"@type\":\"SearchAction\",\"target\":{\"@type\":\"EntryPoint\",\"urlTemplate\":\"https:\\\/\\\/www.cannara.ca\\\/fr\\\/?s={search_term_string}\"},\"query-input\":{\"@type\":\"PropertyValueSpecification\",\"valueRequired\":true,\"valueName\":\"search_term_string\"}}],\"inLanguage\":\"fr-FR\"},{\"@type\":\"Organization\",\"@id\":\"https:\\\/\\\/www.cannara.ca\\\/fr\\\/#organization\",\"name\":\"Cannara Biotech\",\"url\":\"https:\\\/\\\/www.cannara.ca\\\/fr\\\/\",\"logo\":{\"@type\":\"ImageObject\",\"inLanguage\":\"fr-FR\",\"@id\":\"https:\\\/\\\/www.cannara.ca\\\/fr\\\/#\\\/schema\\\/logo\\\/image\\\/\",\"url\":\"https:\\\/\\\/www.cannara.ca\\\/wp-content\\\/uploads\\\/2024\\\/10\\\/Cannara_LogoV1_500pxT.png\",\"contentUrl\":\"https:\\\/\\\/www.cannara.ca\\\/wp-content\\\/uploads\\\/2024\\\/10\\\/Cannara_LogoV1_500pxT.png\",\"width\":500,\"height\":135,\"caption\":\"Cannara Biotech\"},\"image\":{\"@id\":\"https:\\\/\\\/www.cannara.ca\\\/fr\\\/#\\\/schema\\\/logo\\\/image\\\/\"}}]}<\/script>\n<!-- \/ Yoast SEO plugin. -->","yoast_head_json":{"title":"Carri\u00e8res - Cannara Biotech","robots":{"index":"index","follow":"follow","max-snippet":"max-snippet:-1","max-image-preview":"max-image-preview:large","max-video-preview":"max-video-preview:-1"},"canonical":"https:\/\/www.cannara.ca\/fr\/carrieres\/","og_locale":"fr_FR","og_type":"article","og_title":"Carri\u00e8res - Cannara Biotech","og_description":"Carri\u00e8res \u00e0 Cannara Forger une nouvelle voie Vous \u00eates \u00e0 la recherche d&rsquo;une carri\u00e8re dans le domaine du cannabis ? Mieux encore, vous souhaitez rejoindre une \u00e9quipe qui veut montrer la voie ? Vous \u00eates au bon endroit ! D\u00e9couvrez nos postes L&rsquo;utilisation du masculin n&rsquo;est utilis\u00e9e que pour all\u00e9ger le texte.","og_url":"https:\/\/www.cannara.ca\/fr\/carrieres\/","og_site_name":"Cannara Biotech","article_modified_time":"2024-11-11T18:30:49+00:00","twitter_card":"summary_large_image","schema":{"@context":"https:\/\/schema.org","@graph":[{"@type":"WebPage","@id":"https:\/\/www.cannara.ca\/fr\/carrieres\/","url":"https:\/\/www.cannara.ca\/fr\/carrieres\/","name":"Carri\u00e8res - Cannara Biotech","isPartOf":{"@id":"https:\/\/www.cannara.ca\/fr\/#website"},"datePublished":"2024-10-14T02:01:53+00:00","dateModified":"2024-11-11T18:30:49+00:00","breadcrumb":{"@id":"https:\/\/www.cannara.ca\/fr\/carrieres\/#breadcrumb"},"inLanguage":"fr-FR","potentialAction":[{"@type":"ReadAction","target":["https:\/\/www.cannara.ca\/fr\/carrieres\/"]}]},{"@type":"BreadcrumbList","@id":"https:\/\/www.cannara.ca\/fr\/carrieres\/#breadcrumb","itemListElement":[{"@type":"ListItem","position":1,"name":"Home","item":"https:\/\/www.cannara.ca\/fr\/"},{"@type":"ListItem","position":2,"name":"Carri\u00e8res"}]},{"@type":"WebSite","@id":"https:\/\/www.cannara.ca\/fr\/#website","url":"https:\/\/www.cannara.ca\/fr\/","name":"Cannara Biotech","description":"Premium Quality Cannabis","publisher":{"@id":"https:\/\/www.cannara.ca\/fr\/#organization"},"potentialAction":[{"@type":"SearchAction","target":{"@type":"EntryPoint","urlTemplate":"https:\/\/www.cannara.ca\/fr\/?s={search_term_string}"},"query-input":{"@type":"PropertyValueSpecification","valueRequired":true,"valueName":"search_term_string"}}],"inLanguage":"fr-FR"},{"@type":"Organization","@id":"https:\/\/www.cannara.ca\/fr\/#organization","name":"Cannara Biotech","url":"https:\/\/www.cannara.ca\/fr\/","logo":{"@type":"ImageObject","inLanguage":"fr-FR","@id":"https:\/\/www.cannara.ca\/fr\/#\/schema\/logo\/image\/","url":"https:\/\/www.cannara.ca\/wp-content\/uploads\/2024\/10\/Cannara_LogoV1_500pxT.png","contentUrl":"https:\/\/www.cannara.ca\/wp-content\/uploads\/2024\/10\/Cannara_LogoV1_500pxT.png","width":500,"height":135,"caption":"Cannara Biotech"},"image":{"@id":"https:\/\/www.cannara.ca\/fr\/#\/schema\/logo\/image\/"}}]}},"_links":{"self":[{"href":"https:\/\/www.cannara.ca\/fr\/wp-json\/wp\/v2\/pages\/922","targetHints":{"allow":["GET"]}}],"collection":[{"href":"https:\/\/www.cannara.ca\/fr\/wp-json\/wp\/v2\/pages"}],"about":[{"href":"https:\/\/www.cannara.ca\/fr\/wp-json\/wp\/v2\/types\/page"}],"author":[{"embeddable":true,"href":"https:\/\/www.cannara.ca\/fr\/wp-json\/wp\/v2\/users\/1"}],"replies":[{"embeddable":true,"href":"https:\/\/www.cannara.ca\/fr\/wp-json\/wp\/v2\/comments?post=922"}],"version-history":[{"count":0,"href":"https:\/\/www.cannara.ca\/fr\/wp-json\/wp\/v2\/pages\/922\/revisions"}],"wp:attachment":[{"href":"https:\/\/www.cannara.ca\/fr\/wp-json\/wp\/v2\/media?parent=922"}],"curies":[{"name":"wp","href":"https:\/\/api.w.org\/{rel}","templated":true}]}}