{"id":2419,"date":"2026-01-26T07:28:15","date_gmt":"2026-01-26T12:28:15","guid":{"rendered":"https:\/\/www.cannara.ca\/?page_id=2419"},"modified":"2026-03-08T12:45:07","modified_gmt":"2026-03-08T16:45:07","slug":"investisseurs","status":"publish","type":"page","link":"https:\/\/www.cannara.ca\/fr\/investisseurs\/","title":{"rendered":"Investisseurs"},"content":{"rendered":"\t\t<div data-elementor-type=\"wp-page\" data-elementor-id=\"2419\" class=\"elementor elementor-2419\" data-elementor-post-type=\"page\">\n\t\t\t\t<div class=\"elementor-element elementor-element-1f3502e e-flex e-con-boxed e-con e-parent\" data-id=\"1f3502e\" data-element_type=\"container\" data-e-type=\"container\" data-settings=\"{&quot;background_background&quot;:&quot;classic&quot;}\">\n\t\t\t\t\t<div class=\"e-con-inner\">\n\t\t<div class=\"elementor-element elementor-element-908d7bc e-con-full e-flex e-con e-child\" data-id=\"908d7bc\" data-element_type=\"container\" data-e-type=\"container\">\n\t\t\t\t<div class=\"elementor-element elementor-element-9c0618a elementor-widget elementor-widget-heading\" data-id=\"9c0618a\" data-element_type=\"widget\" data-e-type=\"widget\" data-widget_type=\"heading.default\">\n\t\t\t\t<div class=\"elementor-widget-container\">\n\t\t\t\t\t<h1 class=\"elementor-heading-title elementor-size-default\">Investissez dans l'industrie du cannabis avec Cannara<\/h1>\t\t\t\t<\/div>\n\t\t\t\t<\/div>\n\t\t\t\t<div class=\"elementor-element elementor-element-9a09cab elementor-widget elementor-widget-text-editor\" data-id=\"9a09cab\" data-element_type=\"widget\" data-e-type=\"widget\" data-widget_type=\"text-editor.default\">\n\t\t\t\t<div class=\"elementor-widget-container\">\n\t\t\t\t\t\t\t\t\t<section class=\"section mcb-section mfn-default-section mcb-section-mjto6zsjj full-screen hide-mobile bg-cover\">\n<div class=\"section_wrapper mfn-wrapper-for-wraps mcb-section-inner mcb-section-inner-mjto6zsjj\">\n<div class=\"wrap mcb-wrap mcb-wrap-78jmsokbq one tablet-one laptop-one mobile-one investors-wrap valign-top clearfix\" data-desktop-col=\"one\" data-laptop-col=\"laptop-one\" data-tablet-col=\"tablet-one\" data-mobile-col=\"mobile-one\">\n<div class=\"mcb-wrap-inner mcb-wrap-inner-78jmsokbq mfn-module-wrapper mfn-wrapper-for-wraps\">\n<div class=\"column mcb-column mcb-item-ff36iefli one-second laptop-one-second tablet-one-second mobile-one column_column animate fadeIn\" data-anim-type=\"fadeIn\">\n<div class=\"mcb-column-inner mfn-module-wrapper mcb-column-inner-ff36iefli mcb-item-column-inner\">\n<div class=\"column_attr mfn-inline-editor clearfix\">\n<p class=\"homepage-subtitle\">Nous sommes en train de changer la donne dans le secteur ;<\/p>\n<p class=\"homepage-subtitle\">Nous proposons du cannabis de premi\u00e8re qualit\u00e9, issu de g\u00e8nes rares, taill\u00e9 \u00e0 la main, puis lentement s\u00e9ch\u00e9 et vendu \u00e0 des prix tr\u00e8s bas.<\/p>\n<p class=\"homepage-subtitle\">Nous nous sommes rapidement impos\u00e9s comme l&rsquo;un des producteurs \u00e0 forte croissance du Qu\u00e9bec et nous avons un bel avenir devant nous.<\/p>\n<\/div>\n<\/div>\n<\/div>\n<\/div>\n<\/div>\n<\/div>\n<\/section>\n<section class=\"section mcb-section mfn-default-section mcb-section-34ferjuj6 full-screen hide-desktop hide-tablet bg-cover\"><\/section>\n\t\t\t\t\t\t\t\t<\/div>\n\t\t\t\t<\/div>\n\t\t\t\t<div class=\"elementor-element elementor-element-10f6b4b elementor-widget elementor-widget-button\" data-id=\"10f6b4b\" data-element_type=\"widget\" data-e-type=\"widget\" data-widget_type=\"button.default\">\n\t\t\t\t<div class=\"elementor-widget-container\">\n\t\t\t\t\t\t\t\t\t<div class=\"elementor-button-wrapper\">\n\t\t\t\t\t<a class=\"elementor-button elementor-button-link elementor-size-sm\" href=\"https:\/\/www.cannara.ca\/wp-content\/uploads\/2026\/03\/Cannara-Biotech-Investors-Deck-2026T1-_v2.0_FR.pdf\" target=\"_blank\">\n\t\t\t\t\t\t<span class=\"elementor-button-content-wrapper\">\n\t\t\t\t\t\t\t\t\t<span class=\"elementor-button-text\">VOIR LA PR\u00c9SENTATION AUX INVESTISSEURS<\/span>\n\t\t\t\t\t<\/span>\n\t\t\t\t\t<\/a>\n\t\t\t\t<\/div>\n\t\t\t\t\t\t\t\t<\/div>\n\t\t\t\t<\/div>\n\t\t\t\t<\/div>\n\t\t<div class=\"elementor-element elementor-element-39d0927 e-con-full elementor-hidden-mobile e-flex e-con e-child\" data-id=\"39d0927\" data-element_type=\"container\" data-e-type=\"container\">\n\t\t\t\t<div class=\"elementor-element elementor-element-35bc52e elementor-widget elementor-widget-html\" data-id=\"35bc52e\" data-element_type=\"widget\" data-e-type=\"widget\" data-widget_type=\"html.default\">\n\t\t\t\t<div class=\"elementor-widget-container\">\n\t\t\t\t\t<script>\r\n   if (typeof(stockdio_events) == \"undefined\") {\r\n      stockdio_events = true;\r\n      var stockdio_eventMethod = window.addEventListener ? \"addEventListener\" : \"attachEvent\";\r\n      var stockdio_eventer = window[stockdio_eventMethod];\r\n      var stockdio_messageEvent = stockdio_eventMethod == \"attachEvent\" ? \"onmessage\" : \"message\";\r\n      stockdio_eventer(stockdio_messageEvent, function (e) {\r\n         if (typeof(e.data) != \"undefined\" && typeof(e.data.method) != \"undefined\") {\r\n            eval(e.data.method);\r\n         }\r\n      },false);\r\n   }\r\n<\/script>\r\n<iframe id='st_5fd6988e185b49e18a0a689f7bd2d01a' frameBorder='0' scrolling='no' width='800' height='100%' src='https:\/\/api.stockdio.com\/visualization\/financial\/charts\/v1\/historicalpricesboard?app-key=579C19E567B54FFF957D2977AF03EB4A&stockExchange=TSX&symbols=LOVE&displayPrices=Area&addVolume=false&dividends=true&splits=true&allowPeriodChange=false&showUserMenu=false&culture=French-Canada&palette=Financial-Light&title=TSX%3A%20LOVE&showLogo=No&animate=true&font=Lato&priceColor=93c83e&onload=st_5fd6988e185b49e18a0a689f7bd2d01a'><\/iframe>\t\t\t\t<\/div>\n\t\t\t\t<\/div>\n\t\t\t\t<\/div>\n\t\t\t\t\t<\/div>\n\t\t\t\t<\/div>\n\t\t<div class=\"elementor-element elementor-element-b54cb97 e-flex e-con-boxed e-con e-parent\" data-id=\"b54cb97\" data-element_type=\"container\" data-e-type=\"container\" data-settings=\"{&quot;background_background&quot;:&quot;classic&quot;}\">\n\t\t\t\t\t<div class=\"e-con-inner\">\n\t\t<div class=\"elementor-element elementor-element-326253c e-con-full e-flex e-con e-child\" data-id=\"326253c\" data-element_type=\"container\" data-e-type=\"container\">\n\t\t\t\t<div class=\"elementor-element elementor-element-b450626 elementor-widget elementor-widget-heading\" data-id=\"b450626\" data-element_type=\"widget\" data-e-type=\"widget\" data-widget_type=\"heading.default\">\n\t\t\t\t<div class=\"elementor-widget-container\">\n\t\t\t\t\t<h2 class=\"elementor-heading-title elementor-size-default\">FAITS SAILLANTS FINANCIERS T1 2026:<\/h2>\t\t\t\t<\/div>\n\t\t\t\t<\/div>\n\t\t\t\t<div class=\"elementor-element elementor-element-3ae2f77 elementor-widget elementor-widget-text-editor\" data-id=\"3ae2f77\" data-element_type=\"widget\" data-e-type=\"widget\" data-widget_type=\"text-editor.default\">\n\t\t\t\t<div class=\"elementor-widget-container\">\n\t\t\t\t\t\t\t\t\t<ul><li>Les produits bruts du cannabis avant les taxes d\u2019accise ont augment\u00e9 de 7 %, passant de 39,1 millions de dollars au quatri\u00e8me trimestre de 2025 \u00e0\u00a041,8 millions de dollars\u00a0au premier trimestre de 2026, gr\u00e2ce \u00e0 la vigueur continue du Qu\u00e9bec et d\u2019autres provinces, soutenue par le lancement des produits de vapotage au Qu\u00e9bec en novembre 2025 ;<\/li><li>Le total des produits, d\u00e9duction faite des taxes d\u2019accise, a augment\u00e9 de 6 %, passant de 28,3 millions de dollars au quatri\u00e8me trimestre de 2025 \u00e0\u00a030,1 millions de dollars\u00a0au premier trimestre de 2026, refl\u00e9tant la poursuite des gains de parts de march\u00e9 sur les march\u00e9s cl\u00e9s ;<\/li><li>La marge brute avant ajustements de la juste valeur s\u2019est \u00e9lev\u00e9e \u00e0\u00a013,5 millions de dollars, en hausse de 14 % par rapport au trimestre pr\u00e9c\u00e9dent ;<\/li><li>Le pourcentage de marge brute avant ajustements de la juste valeur est pass\u00e9 de\u00a042 %\u00a0au\u00a0quatri\u00e8me trimestre 2025\u00a0\u00e0\u00a045 %\u00a0au\u00a0premier trimestre 2026\u00a0;<\/li><li>Le b\u00e9n\u00e9fice d\u2019exploitation s\u2019est \u00e9lev\u00e9 \u00e0\u00a02,7 millions\u00a0de dollars\u00a0au premier trimestre de 2026, contre 5,3 millions de dollars au\u00a0quatri\u00e8me trimestre de 2025,\u00a0principalement en raison d\u2019une variation de 2,6 millions de dollars de l\u2019ajustement net de la juste valeur des actifs biologiques et des stocks;<\/li><li>Le b\u00e9n\u00e9fice avant imp\u00f4ts s\u2019est \u00e9lev\u00e9 \u00e0 2,0 millions de dollars au premier trimestre de 2026, contre 4,5 millions de dollars au quatri\u00e8me trimestre de 2025. Cette diminution est due \u00e0 la variation des ajustements nets de la juste valeur ainsi qu\u2019\u00e0 l\u2019augmentation de la charge de r\u00e9mun\u00e9ration bas\u00e9e sur le partage des b\u00e9n\u00e9fices encourue au cours de la p\u00e9riode, deux \u00e9l\u00e9ments hors tr\u00e9sorerie;<\/li><li>Le b\u00e9n\u00e9fice net s\u2019est \u00e9lev\u00e9 \u00e0\u00a01,0 million\u00a0de dollars au\u00a0premier trimestre de 2026,\u00a0contre 3,3 millions de dollars au quatri\u00e8me trimestre de 2025 ;<\/li><li>Le BAIIA ajust\u00e9 a augment\u00e9 de 1,4 million de dollars pour atteindre\u00a08,8 millions de dollars\u00a0au premier trimestre de 2026, contre 7,4 millions de dollars au quatri\u00e8me trimestre de 2025, gr\u00e2ce \u00e0 une marge brute plus \u00e9lev\u00e9e r\u00e9alis\u00e9e au cours de la p\u00e9riode ;<\/li><li>Les flux de tr\u00e9sorerie provenant des activit\u00e9s d\u2019exploitation se sont \u00e9lev\u00e9s \u00e0 8,0 millions de dollars au premier trimestre de 2026, contre 2,8 millions de dollars au quatri\u00e8me trimestre de 2025, refl\u00e9tant l\u2019augmentation des ventes et l\u2019am\u00e9lioration des marges de la Soci\u00e9t\u00e9.<\/li><li>Le flux de tr\u00e9sorerie disponible pour le premier trimestre de 2026 s\u2019est \u00e9lev\u00e9 \u00e0 3,3 millions de dollars, contre 1,4 million de dollars au quatri\u00e8me trimestre de 2025.\u00a0<\/li><\/ul>\t\t\t\t\t\t\t\t<\/div>\n\t\t\t\t<\/div>\n\t\t\t\t<\/div>\n\t\t\t\t\t<\/div>\n\t\t\t\t<\/div>\n\t\t<div class=\"elementor-element elementor-element-007bf33 e-flex e-con-boxed e-con e-parent\" data-id=\"007bf33\" data-element_type=\"container\" data-e-type=\"container\" data-settings=\"{&quot;background_background&quot;:&quot;classic&quot;}\">\n\t\t\t\t\t<div class=\"e-con-inner\">\n\t\t\t\t<div class=\"elementor-element elementor-element-0cc7394 elementor-widget elementor-widget-heading\" data-id=\"0cc7394\" data-element_type=\"widget\" data-e-type=\"widget\" data-widget_type=\"heading.default\">\n\t\t\t\t<div class=\"elementor-widget-container\">\n\t\t\t\t\t<h2 class=\"elementor-heading-title elementor-size-default\">WEBDIFFUSION DES R\u00c9SULTATS T1 2026 :<\/h2>\t\t\t\t<\/div>\n\t\t\t\t<\/div>\n\t\t\t\t<div class=\"elementor-element elementor-element-ee28058 elementor-widget elementor-widget-video\" data-id=\"ee28058\" data-element_type=\"widget\" data-e-type=\"widget\" data-settings=\"{&quot;youtube_url&quot;:&quot;https:\\\/\\\/youtu.be\\\/5_qKpwxmbaI&quot;,&quot;video_type&quot;:&quot;youtube&quot;,&quot;controls&quot;:&quot;yes&quot;}\" data-widget_type=\"video.default\">\n\t\t\t\t<div class=\"elementor-widget-container\">\n\t\t\t\t\t\t\t<div class=\"elementor-wrapper elementor-open-inline\">\n\t\t\t<div class=\"elementor-video\"><\/div>\t\t<\/div>\n\t\t\t\t\t\t<\/div>\n\t\t\t\t<\/div>\n\t\t\t\t\t<\/div>\n\t\t\t\t<\/div>\n\t\t\t\t<\/div>\n\t\t","protected":false},"excerpt":{"rendered":"<p>Investissez dans l&rsquo;industrie du cannabis avec Cannara Nous sommes en train de changer la donne dans le secteur ; Nous proposons du cannabis de premi\u00e8re qualit\u00e9, issu de g\u00e8nes rares, taill\u00e9 \u00e0 la main, puis lentement s\u00e9ch\u00e9 et vendu \u00e0 des prix tr\u00e8s bas. Nous nous sommes rapidement impos\u00e9s comme l&rsquo;un des producteurs \u00e0 forte [&hellip;]<\/p>\n","protected":false},"author":1,"featured_media":0,"parent":0,"menu_order":0,"comment_status":"closed","ping_status":"closed","template":"","meta":{"footnotes":"","_links_to":"","_links_to_target":"","_wpscp_schedule_draft_date":"","_wpscp_schedule_republish_date":"","_wpscppro_advance_schedule":false,"_wpscppro_advance_schedule_date":"","_wpscppro_dont_share_socialmedia":false,"_wpscppro_custom_social_share_image":0,"_facebook_share_type":"default","_twitter_share_type":"default","_linkedin_share_type":"default","_pinterest_share_type":"default","_linkedin_share_type_page":"default","_instagram_share_type":"default","_medium_share_type":"default","_threads_share_type":"default","_google_business_share_type":"default","_selected_social_profile":[],"_wpsp_enable_custom_social_template":false,"_wpsp_social_scheduling":{"enabled":false,"datetime":null,"platforms":[],"status":"template_only","dateOption":"today","timeOption":"now","customDays":"","customHours":"","customDate":"","customTime":"","schedulingType":"absolute"},"_wpsp_active_default_template":true},"class_list":["post-2419","page","type-page","status-publish","hentry"],"yoast_head":"<!-- This site is optimized with the Yoast SEO plugin v27.0 - https:\/\/yoast.com\/product\/yoast-seo-wordpress\/ -->\n<title>Investisseurs - Cannara Biotech<\/title>\n<meta name=\"robots\" content=\"index, follow, max-snippet:-1, max-image-preview:large, max-video-preview:-1\" \/>\n<link rel=\"canonical\" href=\"https:\/\/www.cannara.ca\/fr\/investisseurs\/\" \/>\n<meta property=\"og:locale\" content=\"fr_FR\" \/>\n<meta property=\"og:type\" content=\"article\" \/>\n<meta property=\"og:title\" content=\"Investisseurs - Cannara Biotech\" \/>\n<meta property=\"og:description\" content=\"Investissez dans l&rsquo;industrie du cannabis avec Cannara Nous sommes en train de changer la donne dans le secteur ; Nous proposons du cannabis de premi\u00e8re qualit\u00e9, issu de g\u00e8nes rares, taill\u00e9 \u00e0 la main, puis lentement s\u00e9ch\u00e9 et vendu \u00e0 des prix tr\u00e8s bas. Nous nous sommes rapidement impos\u00e9s comme l&rsquo;un des producteurs \u00e0 forte [&hellip;]\" \/>\n<meta property=\"og:url\" content=\"https:\/\/www.cannara.ca\/fr\/investisseurs\/\" \/>\n<meta property=\"og:site_name\" content=\"Cannara Biotech\" \/>\n<meta property=\"article:modified_time\" content=\"2026-03-08T16:45:07+00:00\" \/>\n<meta name=\"twitter:card\" content=\"summary_large_image\" \/>\n<meta name=\"twitter:label1\" content=\"Est. reading time\" \/>\n\t<meta name=\"twitter:data1\" content=\"3 minutes\" \/>\n<script type=\"application\/ld+json\" class=\"yoast-schema-graph\">{\"@context\":\"https:\/\/schema.org\",\"@graph\":[{\"@type\":\"WebPage\",\"@id\":\"https:\/\/www.cannara.ca\/fr\/investisseurs\/\",\"url\":\"https:\/\/www.cannara.ca\/fr\/investisseurs\/\",\"name\":\"Investisseurs - Cannara Biotech\",\"isPartOf\":{\"@id\":\"https:\/\/www.cannara.ca\/fr\/#website\"},\"datePublished\":\"2026-01-26T12:28:15+00:00\",\"dateModified\":\"2026-03-08T16:45:07+00:00\",\"breadcrumb\":{\"@id\":\"https:\/\/www.cannara.ca\/fr\/investisseurs\/#breadcrumb\"},\"inLanguage\":\"fr-FR\",\"potentialAction\":[{\"@type\":\"ReadAction\",\"target\":[\"https:\/\/www.cannara.ca\/fr\/investisseurs\/\"]}]},{\"@type\":\"BreadcrumbList\",\"@id\":\"https:\/\/www.cannara.ca\/fr\/investisseurs\/#breadcrumb\",\"itemListElement\":[{\"@type\":\"ListItem\",\"position\":1,\"name\":\"Home\",\"item\":\"https:\/\/www.cannara.ca\/fr\/\"},{\"@type\":\"ListItem\",\"position\":2,\"name\":\"Investisseurs\"}]},{\"@type\":\"WebSite\",\"@id\":\"https:\/\/www.cannara.ca\/fr\/#website\",\"url\":\"https:\/\/www.cannara.ca\/fr\/\",\"name\":\"Cannara Biotech\",\"description\":\"Premium Quality Cannabis\",\"publisher\":{\"@id\":\"https:\/\/www.cannara.ca\/fr\/#organization\"},\"potentialAction\":[{\"@type\":\"SearchAction\",\"target\":{\"@type\":\"EntryPoint\",\"urlTemplate\":\"https:\/\/www.cannara.ca\/fr\/?s={search_term_string}\"},\"query-input\":{\"@type\":\"PropertyValueSpecification\",\"valueRequired\":true,\"valueName\":\"search_term_string\"}}],\"inLanguage\":\"fr-FR\"},{\"@type\":\"Organization\",\"@id\":\"https:\/\/www.cannara.ca\/fr\/#organization\",\"name\":\"Cannara Biotech\",\"url\":\"https:\/\/www.cannara.ca\/fr\/\",\"logo\":{\"@type\":\"ImageObject\",\"inLanguage\":\"fr-FR\",\"@id\":\"https:\/\/www.cannara.ca\/fr\/#\/schema\/logo\/image\/\",\"url\":\"https:\/\/www.cannara.ca\/wp-content\/uploads\/2024\/10\/Cannara_LogoV1_500pxT.png\",\"contentUrl\":\"https:\/\/www.cannara.ca\/wp-content\/uploads\/2024\/10\/Cannara_LogoV1_500pxT.png\",\"width\":500,\"height\":135,\"caption\":\"Cannara Biotech\"},\"image\":{\"@id\":\"https:\/\/www.cannara.ca\/fr\/#\/schema\/logo\/image\/\"}}]}<\/script>\n<!-- \/ Yoast SEO plugin. -->","yoast_head_json":{"title":"Investisseurs - Cannara Biotech","robots":{"index":"index","follow":"follow","max-snippet":"max-snippet:-1","max-image-preview":"max-image-preview:large","max-video-preview":"max-video-preview:-1"},"canonical":"https:\/\/www.cannara.ca\/fr\/investisseurs\/","og_locale":"fr_FR","og_type":"article","og_title":"Investisseurs - Cannara Biotech","og_description":"Investissez dans l&rsquo;industrie du cannabis avec Cannara Nous sommes en train de changer la donne dans le secteur ; Nous proposons du cannabis de premi\u00e8re qualit\u00e9, issu de g\u00e8nes rares, taill\u00e9 \u00e0 la main, puis lentement s\u00e9ch\u00e9 et vendu \u00e0 des prix tr\u00e8s bas. Nous nous sommes rapidement impos\u00e9s comme l&rsquo;un des producteurs \u00e0 forte [&hellip;]","og_url":"https:\/\/www.cannara.ca\/fr\/investisseurs\/","og_site_name":"Cannara Biotech","article_modified_time":"2026-03-08T16:45:07+00:00","twitter_card":"summary_large_image","twitter_misc":{"Est. reading time":"3 minutes"},"schema":{"@context":"https:\/\/schema.org","@graph":[{"@type":"WebPage","@id":"https:\/\/www.cannara.ca\/fr\/investisseurs\/","url":"https:\/\/www.cannara.ca\/fr\/investisseurs\/","name":"Investisseurs - Cannara Biotech","isPartOf":{"@id":"https:\/\/www.cannara.ca\/fr\/#website"},"datePublished":"2026-01-26T12:28:15+00:00","dateModified":"2026-03-08T16:45:07+00:00","breadcrumb":{"@id":"https:\/\/www.cannara.ca\/fr\/investisseurs\/#breadcrumb"},"inLanguage":"fr-FR","potentialAction":[{"@type":"ReadAction","target":["https:\/\/www.cannara.ca\/fr\/investisseurs\/"]}]},{"@type":"BreadcrumbList","@id":"https:\/\/www.cannara.ca\/fr\/investisseurs\/#breadcrumb","itemListElement":[{"@type":"ListItem","position":1,"name":"Home","item":"https:\/\/www.cannara.ca\/fr\/"},{"@type":"ListItem","position":2,"name":"Investisseurs"}]},{"@type":"WebSite","@id":"https:\/\/www.cannara.ca\/fr\/#website","url":"https:\/\/www.cannara.ca\/fr\/","name":"Cannara Biotech","description":"Premium Quality Cannabis","publisher":{"@id":"https:\/\/www.cannara.ca\/fr\/#organization"},"potentialAction":[{"@type":"SearchAction","target":{"@type":"EntryPoint","urlTemplate":"https:\/\/www.cannara.ca\/fr\/?s={search_term_string}"},"query-input":{"@type":"PropertyValueSpecification","valueRequired":true,"valueName":"search_term_string"}}],"inLanguage":"fr-FR"},{"@type":"Organization","@id":"https:\/\/www.cannara.ca\/fr\/#organization","name":"Cannara Biotech","url":"https:\/\/www.cannara.ca\/fr\/","logo":{"@type":"ImageObject","inLanguage":"fr-FR","@id":"https:\/\/www.cannara.ca\/fr\/#\/schema\/logo\/image\/","url":"https:\/\/www.cannara.ca\/wp-content\/uploads\/2024\/10\/Cannara_LogoV1_500pxT.png","contentUrl":"https:\/\/www.cannara.ca\/wp-content\/uploads\/2024\/10\/Cannara_LogoV1_500pxT.png","width":500,"height":135,"caption":"Cannara Biotech"},"image":{"@id":"https:\/\/www.cannara.ca\/fr\/#\/schema\/logo\/image\/"}}]}},"_links":{"self":[{"href":"https:\/\/www.cannara.ca\/fr\/wp-json\/wp\/v2\/pages\/2419","targetHints":{"allow":["GET"]}}],"collection":[{"href":"https:\/\/www.cannara.ca\/fr\/wp-json\/wp\/v2\/pages"}],"about":[{"href":"https:\/\/www.cannara.ca\/fr\/wp-json\/wp\/v2\/types\/page"}],"author":[{"embeddable":true,"href":"https:\/\/www.cannara.ca\/fr\/wp-json\/wp\/v2\/users\/1"}],"replies":[{"embeddable":true,"href":"https:\/\/www.cannara.ca\/fr\/wp-json\/wp\/v2\/comments?post=2419"}],"version-history":[{"count":0,"href":"https:\/\/www.cannara.ca\/fr\/wp-json\/wp\/v2\/pages\/2419\/revisions"}],"wp:attachment":[{"href":"https:\/\/www.cannara.ca\/fr\/wp-json\/wp\/v2\/media?parent=2419"}],"curies":[{"name":"wp","href":"https:\/\/api.w.org\/{rel}","templated":true}]}}