{"id":2050,"date":"2025-07-14T15:49:39","date_gmt":"2025-07-14T19:49:39","guid":{"rendered":"https:\/\/www.cannara.ca\/?page_id=2050"},"modified":"2026-04-06T12:25:00","modified_gmt":"2026-04-06T16:25:00","slug":"couverture-des-analystes","status":"publish","type":"page","link":"https:\/\/www.cannara.ca\/fr\/couverture-des-analystes\/","title":{"rendered":"Couverture des analystes"},"content":{"rendered":"\t\t<div data-elementor-type=\"wp-page\" data-elementor-id=\"2050\" class=\"elementor elementor-2050 elementor-2049\" data-elementor-post-type=\"page\">\n\t\t\t\t<div class=\"elementor-element elementor-element-97612e6 e-flex e-con-boxed e-con e-parent\" data-id=\"97612e6\" data-element_type=\"container\" data-e-type=\"container\" data-settings=\"{&quot;background_background&quot;:&quot;classic&quot;}\">\n\t\t\t\t\t<div class=\"e-con-inner\">\n\t\t<div class=\"elementor-element elementor-element-6c3f3a7 e-flex e-con-boxed e-con e-child\" data-id=\"6c3f3a7\" data-element_type=\"container\" data-e-type=\"container\">\n\t\t\t\t\t<div class=\"e-con-inner\">\n\t\t\t\t<div class=\"elementor-element elementor-element-fd87240 elementor-widget-tablet__width-inherit elementor-widget elementor-widget-heading\" data-id=\"fd87240\" data-element_type=\"widget\" data-e-type=\"widget\" data-widget_type=\"heading.default\">\n\t\t\t\t<div class=\"elementor-widget-container\">\n\t\t\t\t\t<h1 class=\"elementor-heading-title elementor-size-default\">COUVERTURE DES ANALYSTES<\/h1>\t\t\t\t<\/div>\n\t\t\t\t<\/div>\n\t\t\t\t\t<\/div>\n\t\t\t\t<\/div>\n\t\t\t\t\t<\/div>\n\t\t\t\t<\/div>\n\t\t<div class=\"elementor-element elementor-element-329a28a e-flex e-con-boxed e-con e-parent\" data-id=\"329a28a\" data-element_type=\"container\" data-e-type=\"container\">\n\t\t\t\t\t<div class=\"e-con-inner\">\n\t\t<div class=\"elementor-element elementor-element-f008992 e-con-full e-grid e-con e-child\" data-id=\"f008992\" data-element_type=\"container\" data-e-type=\"container\">\n\t\t<div class=\"elementor-element elementor-element-c5f3d6c e-con-full e-flex e-con e-child\" data-id=\"c5f3d6c\" data-element_type=\"container\" data-e-type=\"container\">\n\t\t\t\t<div class=\"elementor-element elementor-element-0a9ef87 elementor-widget elementor-widget-image\" data-id=\"0a9ef87\" data-element_type=\"widget\" data-e-type=\"widget\" data-widget_type=\"image.default\">\n\t\t\t\t<div class=\"elementor-widget-container\">\n\t\t\t\t\t\t\t\t\t\t\t\t\t\t\t<img fetchpriority=\"high\" decoding=\"async\" width=\"800\" height=\"450\" src=\"https:\/\/www.cannara.ca\/wp-content\/uploads\/2025\/07\/Research-capital-1024x576.jpg\" class=\"attachment-large size-large wp-image-2045\" alt=\"\" srcset=\"https:\/\/www.cannara.ca\/wp-content\/uploads\/2025\/07\/Research-capital-1024x576.jpg 1024w, https:\/\/www.cannara.ca\/wp-content\/uploads\/2025\/07\/Research-capital-300x169.jpg 300w, https:\/\/www.cannara.ca\/wp-content\/uploads\/2025\/07\/Research-capital-768x432.jpg 768w, https:\/\/www.cannara.ca\/wp-content\/uploads\/2025\/07\/Research-capital-1536x864.jpg 1536w, https:\/\/www.cannara.ca\/wp-content\/uploads\/2025\/07\/Research-capital.jpg 1920w\" sizes=\"(max-width: 800px) 100vw, 800px\" \/>\t\t\t\t\t\t\t\t\t\t\t\t\t\t\t<\/div>\n\t\t\t\t<\/div>\n\t\t\t\t<div class=\"elementor-element elementor-element-eaf9864 elementor-widget elementor-widget-heading\" data-id=\"eaf9864\" data-element_type=\"widget\" data-e-type=\"widget\" data-widget_type=\"heading.default\">\n\t\t\t\t<div class=\"elementor-widget-container\">\n\t\t\t\t\t<h3 class=\"elementor-heading-title elementor-size-default\">Research Capital<\/h3>\t\t\t\t<\/div>\n\t\t\t\t<\/div>\n\t\t\t\t<div class=\"elementor-element elementor-element-731a52b elementor-widget elementor-widget-text-editor\" data-id=\"731a52b\" data-element_type=\"widget\" data-e-type=\"widget\" data-widget_type=\"text-editor.default\">\n\t\t\t\t<div class=\"elementor-widget-container\">\n\t\t\t\t\t\t\t\t\t<p><strong>Greg McLeish, CFA<\/strong><\/p><p><strong><a href=\"mailto: GMcLeish@researchcapital.com\">Contact<\/a><\/strong><\/p><p>Couverture des analystes au 7 juillet 2025<\/p><p>Dernier rapport : 27 janvier 2026<\/p>\t\t\t\t\t\t\t\t<\/div>\n\t\t\t\t<\/div>\n\t\t\t\t<\/div>\n\t\t<div class=\"elementor-element elementor-element-28cfdc2 e-con-full e-flex e-con e-child\" data-id=\"28cfdc2\" data-element_type=\"container\" data-e-type=\"container\">\n\t\t\t\t<div class=\"elementor-element elementor-element-c1b61ff elementor-widget elementor-widget-image\" data-id=\"c1b61ff\" data-element_type=\"widget\" data-e-type=\"widget\" data-widget_type=\"image.default\">\n\t\t\t\t<div class=\"elementor-widget-container\">\n\t\t\t\t\t\t\t\t\t\t\t\t\t\t\t<img decoding=\"async\" width=\"800\" height=\"581\" src=\"https:\/\/www.cannara.ca\/wp-content\/uploads\/2026\/03\/image008-1024x744.png\" class=\"attachment-large size-large wp-image-2560\" alt=\"\" srcset=\"https:\/\/www.cannara.ca\/wp-content\/uploads\/2026\/03\/image008-1024x744.png 1024w, https:\/\/www.cannara.ca\/wp-content\/uploads\/2026\/03\/image008-300x218.png 300w, https:\/\/www.cannara.ca\/wp-content\/uploads\/2026\/03\/image008-768x558.png 768w, https:\/\/www.cannara.ca\/wp-content\/uploads\/2026\/03\/image008.png 1500w\" sizes=\"(max-width: 800px) 100vw, 800px\" \/>\t\t\t\t\t\t\t\t\t\t\t\t\t\t\t<\/div>\n\t\t\t\t<\/div>\n\t\t\t\t<div class=\"elementor-element elementor-element-01a61f2 elementor-widget elementor-widget-heading\" data-id=\"01a61f2\" data-element_type=\"widget\" data-e-type=\"widget\" data-widget_type=\"heading.default\">\n\t\t\t\t<div class=\"elementor-widget-container\">\n\t\t\t\t\t<h3 class=\"elementor-heading-title elementor-size-default\">ATRIUM RESEARCH<\/h3>\t\t\t\t<\/div>\n\t\t\t\t<\/div>\n\t\t\t\t<div class=\"elementor-element elementor-element-0fbac45 elementor-widget elementor-widget-text-editor\" data-id=\"0fbac45\" data-element_type=\"widget\" data-e-type=\"widget\" data-widget_type=\"text-editor.default\">\n\t\t\t\t<div class=\"elementor-widget-container\">\n\t\t\t\t\t\t\t\t\t<p><strong>Nicholas Cortellucci, CFA | <\/strong><strong><a href=\"mailto:ncortellucci@atriumresearch.ca\">Contact<\/a><\/strong><\/p><p><strong>Luca Perna | <\/strong><strong><a href=\"mailto:lperna@atriumresearch.ca\">Contact<\/a><\/strong><\/p><p>Couverture des analystes au 3 mars 2026<\/p><p>Dernier rapport : 3 mars 2026<\/p>\t\t\t\t\t\t\t\t<\/div>\n\t\t\t\t<\/div>\n\t\t\t\t<\/div>\n\t\t<div class=\"elementor-element elementor-element-265afa8 e-con-full e-flex e-con e-child\" data-id=\"265afa8\" data-element_type=\"container\" data-e-type=\"container\">\n\t\t\t\t<div class=\"elementor-element elementor-element-8df3783 elementor-widget elementor-widget-image\" data-id=\"8df3783\" data-element_type=\"widget\" data-e-type=\"widget\" data-widget_type=\"image.default\">\n\t\t\t\t<div class=\"elementor-widget-container\">\n\t\t\t\t\t\t\t\t\t\t\t\t\t\t\t<img decoding=\"async\" width=\"800\" height=\"140\" src=\"https:\/\/www.cannara.ca\/wp-content\/uploads\/2026\/02\/TDCowan-1.png\" class=\"attachment-large size-large wp-image-2512\" alt=\"\" srcset=\"https:\/\/www.cannara.ca\/wp-content\/uploads\/2026\/02\/TDCowan-1.png 980w, https:\/\/www.cannara.ca\/wp-content\/uploads\/2026\/02\/TDCowan-1-300x53.png 300w, https:\/\/www.cannara.ca\/wp-content\/uploads\/2026\/02\/TDCowan-1-768x135.png 768w\" sizes=\"(max-width: 800px) 100vw, 800px\" \/>\t\t\t\t\t\t\t\t\t\t\t\t\t\t\t<\/div>\n\t\t\t\t<\/div>\n\t\t\t\t<div class=\"elementor-element elementor-element-276f307 elementor-widget elementor-widget-heading\" data-id=\"276f307\" data-element_type=\"widget\" data-e-type=\"widget\" data-widget_type=\"heading.default\">\n\t\t\t\t<div class=\"elementor-widget-container\">\n\t\t\t\t\t<h3 class=\"elementor-heading-title elementor-size-default\">TD COWEN<\/h3>\t\t\t\t<\/div>\n\t\t\t\t<\/div>\n\t\t\t\t<div class=\"elementor-element elementor-element-51705dc elementor-widget elementor-widget-text-editor\" data-id=\"51705dc\" data-element_type=\"widget\" data-e-type=\"widget\" data-widget_type=\"text-editor.default\">\n\t\t\t\t<div class=\"elementor-widget-container\">\n\t\t\t\t\t\t\t\t\t<p><strong>Derek J. Lessard |\u00a0<\/strong><strong><a href=\"mailto:derek.lessard@tdsecurities.com\">Contact<\/a><\/strong><\/p><p><strong>Ryan Neal | <\/strong><strong><a href=\"mailto:ryan.neal2@tdsecurities.com\">Contact<\/a><\/strong><\/p><p>Couverture des analystes au 24 f\u00e9vrier 2026<\/p><p>Dernier rapport : 24 f\u00e9vrier 2026<\/p>\t\t\t\t\t\t\t\t<\/div>\n\t\t\t\t<\/div>\n\t\t\t\t<\/div>\n\t\t<div class=\"elementor-element elementor-element-e5529f9 e-con-full e-flex e-con e-child\" data-id=\"e5529f9\" data-element_type=\"container\" data-e-type=\"container\">\n\t\t\t\t<div class=\"elementor-element elementor-element-21c787c elementor-widget elementor-widget-image\" data-id=\"21c787c\" data-element_type=\"widget\" data-e-type=\"widget\" data-widget_type=\"image.default\">\n\t\t\t\t<div class=\"elementor-widget-container\">\n\t\t\t\t\t\t\t\t\t\t\t\t\t\t\t<img loading=\"lazy\" decoding=\"async\" width=\"520\" height=\"213\" src=\"https:\/\/www.cannara.ca\/wp-content\/uploads\/2026\/04\/Haywood.png\" class=\"attachment-large size-large wp-image-2642\" alt=\"\" srcset=\"https:\/\/www.cannara.ca\/wp-content\/uploads\/2026\/04\/Haywood.png 520w, https:\/\/www.cannara.ca\/wp-content\/uploads\/2026\/04\/Haywood-300x123.png 300w\" sizes=\"(max-width: 520px) 100vw, 520px\" \/>\t\t\t\t\t\t\t\t\t\t\t\t\t\t\t<\/div>\n\t\t\t\t<\/div>\n\t\t\t\t<div class=\"elementor-element elementor-element-c106c2e elementor-widget elementor-widget-heading\" data-id=\"c106c2e\" data-element_type=\"widget\" data-e-type=\"widget\" data-widget_type=\"heading.default\">\n\t\t\t\t<div class=\"elementor-widget-container\">\n\t\t\t\t\t<h3 class=\"elementor-heading-title elementor-size-default\">Haywood<\/h3>\t\t\t\t<\/div>\n\t\t\t\t<\/div>\n\t\t\t\t<div class=\"elementor-element elementor-element-0839872 elementor-widget elementor-widget-text-editor\" data-id=\"0839872\" data-element_type=\"widget\" data-e-type=\"widget\" data-widget_type=\"text-editor.default\">\n\t\t\t\t<div class=\"elementor-widget-container\">\n\t\t\t\t\t\t\t\t\t<p><strong>Neal Gilmer, MBA | <\/strong><strong><a href=\"mailto:ngilmer@haywood.com\">Contact<\/a><\/strong><\/p><p><strong>Benedict Stonkus, CPA | <\/strong><strong><a href=\"mailto:bstonkus@haywood.com\">Contact<\/a><\/strong><\/p><p>Couverture des analystes au 4 avril 2026<\/p><p>Dernier rapport : 4 avril 2026<\/p>\t\t\t\t\t\t\t\t<\/div>\n\t\t\t\t<\/div>\n\t\t\t\t<\/div>\n\t\t\t\t<\/div>\n\t\t\t\t\t<\/div>\n\t\t\t\t<\/div>\n\t\t<div class=\"elementor-element elementor-element-b3e2b23 e-flex e-con-boxed e-con e-parent\" data-id=\"b3e2b23\" data-element_type=\"container\" data-e-type=\"container\">\n\t\t\t\t\t<div class=\"e-con-inner\">\n\t\t\t\t<div class=\"elementor-element elementor-element-48e05b6 elementor-widget elementor-widget-text-editor\" data-id=\"48e05b6\" data-element_type=\"widget\" data-e-type=\"widget\" data-widget_type=\"text-editor.default\">\n\t\t\t\t<div class=\"elementor-widget-container\">\n\t\t\t\t\t\t\t\t\t<p><em>Cannara Biotech Inc. est suivie par les analystes mentionn\u00e9s ci-dessus. Veuillez noter que les opinions, estimations ou pr\u00e9visions formul\u00e9es par ces analystes concernant la performance de Cannara Biotech Inc. leur appartiennent exclusivement et ne repr\u00e9sentent pas les opinions, pr\u00e9visions ou pr\u00e9dictions de Cannara Biotech Inc. ou de sa direction. La r\u00e9f\u00e9rence ou la diffusion de Cannara Biotech Inc. n&rsquo;implique pas son approbation ou son accord avec ces informations, conclusions ou recommandations.  <\/em><\/p>\n\t\t\t\t\t\t\t\t<\/div>\n\t\t\t\t<\/div>\n\t\t\t\t\t<\/div>\n\t\t\t\t<\/div>\n\t\t\t\t<\/div>\n\t\t","protected":false},"excerpt":{"rendered":"<p>COUVERTURE DES ANALYSTES Research Capital Greg McLeish, CFA Contact Couverture des analystes au 7 juillet 2025 Dernier rapport : 27 janvier 2026 ATRIUM RESEARCH Nicholas Cortellucci, CFA | Contact Luca Perna | Contact Couverture des analystes au 3 mars 2026 Dernier rapport : 3 mars 2026 TD COWEN Derek J. Lessard |\u00a0Contact Ryan Neal | [&hellip;]<\/p>\n","protected":false},"author":13,"featured_media":0,"parent":0,"menu_order":0,"comment_status":"closed","ping_status":"closed","template":"","meta":{"footnotes":"","_links_to":"","_links_to_target":"","_wpscp_schedule_draft_date":"","_wpscp_schedule_republish_date":"","_wpscppro_advance_schedule":false,"_wpscppro_advance_schedule_date":"","_wpscppro_dont_share_socialmedia":false,"_wpscppro_custom_social_share_image":0,"_facebook_share_type":"default","_twitter_share_type":"default","_linkedin_share_type":"default","_pinterest_share_type":"default","_linkedin_share_type_page":"default","_instagram_share_type":"default","_medium_share_type":"default","_threads_share_type":"","_google_business_share_type":"","_selected_social_profile":[],"_wpsp_enable_custom_social_template":false,"_wpsp_social_scheduling":{"enabled":false,"datetime":null,"platforms":[],"status":"template_only","dateOption":"today","timeOption":"now","customDays":"","customHours":"","customDate":"","customTime":"","schedulingType":"absolute"},"_wpsp_active_default_template":true},"class_list":["post-2050","page","type-page","status-publish","hentry"],"yoast_head":"<!-- This site is optimized with the Yoast SEO plugin v27.4 - https:\/\/yoast.com\/product\/yoast-seo-wordpress\/ -->\n<title>Couverture des analystes - Cannara Biotech<\/title>\n<meta name=\"robots\" content=\"index, follow, max-snippet:-1, max-image-preview:large, max-video-preview:-1\" \/>\n<link rel=\"canonical\" href=\"https:\/\/www.cannara.ca\/fr\/couverture-des-analystes\/\" \/>\n<meta property=\"og:locale\" content=\"fr_FR\" \/>\n<meta property=\"og:type\" content=\"article\" \/>\n<meta property=\"og:title\" content=\"Couverture des analystes - Cannara Biotech\" \/>\n<meta property=\"og:description\" content=\"COUVERTURE DES ANALYSTES Research Capital Greg McLeish, CFA Contact Couverture des analystes au 7 juillet 2025 Dernier rapport : 27 janvier 2026 ATRIUM RESEARCH Nicholas Cortellucci, CFA | Contact Luca Perna | Contact Couverture des analystes au 3 mars 2026 Dernier rapport : 3 mars 2026 TD COWEN Derek J. Lessard |\u00a0Contact Ryan Neal | [&hellip;]\" \/>\n<meta property=\"og:url\" content=\"https:\/\/www.cannara.ca\/fr\/couverture-des-analystes\/\" \/>\n<meta property=\"og:site_name\" content=\"Cannara Biotech\" \/>\n<meta property=\"article:modified_time\" content=\"2026-04-06T16:25:00+00:00\" \/>\n<meta property=\"og:image\" content=\"https:\/\/www.cannara.ca\/wp-content\/uploads\/2025\/07\/Research-capital.jpg\" \/>\n\t<meta property=\"og:image:width\" content=\"1920\" \/>\n\t<meta property=\"og:image:height\" content=\"1080\" \/>\n\t<meta property=\"og:image:type\" content=\"image\/jpeg\" \/>\n<meta name=\"twitter:card\" content=\"summary_large_image\" \/>\n<meta name=\"twitter:label1\" content=\"Est. reading time\" \/>\n\t<meta name=\"twitter:data1\" content=\"2 minutes\" \/>\n<script type=\"application\/ld+json\" class=\"yoast-schema-graph\">{\"@context\":\"https:\\\/\\\/schema.org\",\"@graph\":[{\"@type\":\"WebPage\",\"@id\":\"https:\\\/\\\/www.cannara.ca\\\/fr\\\/couverture-des-analystes\\\/\",\"url\":\"https:\\\/\\\/www.cannara.ca\\\/fr\\\/couverture-des-analystes\\\/\",\"name\":\"Couverture des analystes - Cannara Biotech\",\"isPartOf\":{\"@id\":\"https:\\\/\\\/www.cannara.ca\\\/fr\\\/#website\"},\"primaryImageOfPage\":{\"@id\":\"https:\\\/\\\/www.cannara.ca\\\/fr\\\/couverture-des-analystes\\\/#primaryimage\"},\"image\":{\"@id\":\"https:\\\/\\\/www.cannara.ca\\\/fr\\\/couverture-des-analystes\\\/#primaryimage\"},\"thumbnailUrl\":\"https:\\\/\\\/www.cannara.ca\\\/wp-content\\\/uploads\\\/2025\\\/07\\\/Research-capital-1024x576.jpg\",\"datePublished\":\"2025-07-14T19:49:39+00:00\",\"dateModified\":\"2026-04-06T16:25:00+00:00\",\"breadcrumb\":{\"@id\":\"https:\\\/\\\/www.cannara.ca\\\/fr\\\/couverture-des-analystes\\\/#breadcrumb\"},\"inLanguage\":\"fr-FR\",\"potentialAction\":[{\"@type\":\"ReadAction\",\"target\":[\"https:\\\/\\\/www.cannara.ca\\\/fr\\\/couverture-des-analystes\\\/\"]}]},{\"@type\":\"ImageObject\",\"inLanguage\":\"fr-FR\",\"@id\":\"https:\\\/\\\/www.cannara.ca\\\/fr\\\/couverture-des-analystes\\\/#primaryimage\",\"url\":\"https:\\\/\\\/www.cannara.ca\\\/wp-content\\\/uploads\\\/2025\\\/07\\\/Research-capital-1024x576.jpg\",\"contentUrl\":\"https:\\\/\\\/www.cannara.ca\\\/wp-content\\\/uploads\\\/2025\\\/07\\\/Research-capital-1024x576.jpg\"},{\"@type\":\"BreadcrumbList\",\"@id\":\"https:\\\/\\\/www.cannara.ca\\\/fr\\\/couverture-des-analystes\\\/#breadcrumb\",\"itemListElement\":[{\"@type\":\"ListItem\",\"position\":1,\"name\":\"Home\",\"item\":\"https:\\\/\\\/www.cannara.ca\\\/fr\\\/\"},{\"@type\":\"ListItem\",\"position\":2,\"name\":\"Couverture des analystes\"}]},{\"@type\":\"WebSite\",\"@id\":\"https:\\\/\\\/www.cannara.ca\\\/fr\\\/#website\",\"url\":\"https:\\\/\\\/www.cannara.ca\\\/fr\\\/\",\"name\":\"Cannara Biotech\",\"description\":\"Premium Quality Cannabis\",\"publisher\":{\"@id\":\"https:\\\/\\\/www.cannara.ca\\\/fr\\\/#organization\"},\"potentialAction\":[{\"@type\":\"SearchAction\",\"target\":{\"@type\":\"EntryPoint\",\"urlTemplate\":\"https:\\\/\\\/www.cannara.ca\\\/fr\\\/?s={search_term_string}\"},\"query-input\":{\"@type\":\"PropertyValueSpecification\",\"valueRequired\":true,\"valueName\":\"search_term_string\"}}],\"inLanguage\":\"fr-FR\"},{\"@type\":\"Organization\",\"@id\":\"https:\\\/\\\/www.cannara.ca\\\/fr\\\/#organization\",\"name\":\"Cannara Biotech\",\"url\":\"https:\\\/\\\/www.cannara.ca\\\/fr\\\/\",\"logo\":{\"@type\":\"ImageObject\",\"inLanguage\":\"fr-FR\",\"@id\":\"https:\\\/\\\/www.cannara.ca\\\/fr\\\/#\\\/schema\\\/logo\\\/image\\\/\",\"url\":\"https:\\\/\\\/www.cannara.ca\\\/wp-content\\\/uploads\\\/2024\\\/10\\\/Cannara_LogoV1_500pxT.png\",\"contentUrl\":\"https:\\\/\\\/www.cannara.ca\\\/wp-content\\\/uploads\\\/2024\\\/10\\\/Cannara_LogoV1_500pxT.png\",\"width\":500,\"height\":135,\"caption\":\"Cannara Biotech\"},\"image\":{\"@id\":\"https:\\\/\\\/www.cannara.ca\\\/fr\\\/#\\\/schema\\\/logo\\\/image\\\/\"}}]}<\/script>\n<!-- \/ Yoast SEO plugin. -->","yoast_head_json":{"title":"Couverture des analystes - Cannara Biotech","robots":{"index":"index","follow":"follow","max-snippet":"max-snippet:-1","max-image-preview":"max-image-preview:large","max-video-preview":"max-video-preview:-1"},"canonical":"https:\/\/www.cannara.ca\/fr\/couverture-des-analystes\/","og_locale":"fr_FR","og_type":"article","og_title":"Couverture des analystes - Cannara Biotech","og_description":"COUVERTURE DES ANALYSTES Research Capital Greg McLeish, CFA Contact Couverture des analystes au 7 juillet 2025 Dernier rapport : 27 janvier 2026 ATRIUM RESEARCH Nicholas Cortellucci, CFA | Contact Luca Perna | Contact Couverture des analystes au 3 mars 2026 Dernier rapport : 3 mars 2026 TD COWEN Derek J. Lessard |\u00a0Contact Ryan Neal | [&hellip;]","og_url":"https:\/\/www.cannara.ca\/fr\/couverture-des-analystes\/","og_site_name":"Cannara Biotech","article_modified_time":"2026-04-06T16:25:00+00:00","og_image":[{"width":1920,"height":1080,"url":"https:\/\/www.cannara.ca\/wp-content\/uploads\/2025\/07\/Research-capital.jpg","type":"image\/jpeg"}],"twitter_card":"summary_large_image","twitter_misc":{"Est. reading time":"2 minutes"},"schema":{"@context":"https:\/\/schema.org","@graph":[{"@type":"WebPage","@id":"https:\/\/www.cannara.ca\/fr\/couverture-des-analystes\/","url":"https:\/\/www.cannara.ca\/fr\/couverture-des-analystes\/","name":"Couverture des analystes - Cannara Biotech","isPartOf":{"@id":"https:\/\/www.cannara.ca\/fr\/#website"},"primaryImageOfPage":{"@id":"https:\/\/www.cannara.ca\/fr\/couverture-des-analystes\/#primaryimage"},"image":{"@id":"https:\/\/www.cannara.ca\/fr\/couverture-des-analystes\/#primaryimage"},"thumbnailUrl":"https:\/\/www.cannara.ca\/wp-content\/uploads\/2025\/07\/Research-capital-1024x576.jpg","datePublished":"2025-07-14T19:49:39+00:00","dateModified":"2026-04-06T16:25:00+00:00","breadcrumb":{"@id":"https:\/\/www.cannara.ca\/fr\/couverture-des-analystes\/#breadcrumb"},"inLanguage":"fr-FR","potentialAction":[{"@type":"ReadAction","target":["https:\/\/www.cannara.ca\/fr\/couverture-des-analystes\/"]}]},{"@type":"ImageObject","inLanguage":"fr-FR","@id":"https:\/\/www.cannara.ca\/fr\/couverture-des-analystes\/#primaryimage","url":"https:\/\/www.cannara.ca\/wp-content\/uploads\/2025\/07\/Research-capital-1024x576.jpg","contentUrl":"https:\/\/www.cannara.ca\/wp-content\/uploads\/2025\/07\/Research-capital-1024x576.jpg"},{"@type":"BreadcrumbList","@id":"https:\/\/www.cannara.ca\/fr\/couverture-des-analystes\/#breadcrumb","itemListElement":[{"@type":"ListItem","position":1,"name":"Home","item":"https:\/\/www.cannara.ca\/fr\/"},{"@type":"ListItem","position":2,"name":"Couverture des analystes"}]},{"@type":"WebSite","@id":"https:\/\/www.cannara.ca\/fr\/#website","url":"https:\/\/www.cannara.ca\/fr\/","name":"Cannara Biotech","description":"Premium Quality Cannabis","publisher":{"@id":"https:\/\/www.cannara.ca\/fr\/#organization"},"potentialAction":[{"@type":"SearchAction","target":{"@type":"EntryPoint","urlTemplate":"https:\/\/www.cannara.ca\/fr\/?s={search_term_string}"},"query-input":{"@type":"PropertyValueSpecification","valueRequired":true,"valueName":"search_term_string"}}],"inLanguage":"fr-FR"},{"@type":"Organization","@id":"https:\/\/www.cannara.ca\/fr\/#organization","name":"Cannara Biotech","url":"https:\/\/www.cannara.ca\/fr\/","logo":{"@type":"ImageObject","inLanguage":"fr-FR","@id":"https:\/\/www.cannara.ca\/fr\/#\/schema\/logo\/image\/","url":"https:\/\/www.cannara.ca\/wp-content\/uploads\/2024\/10\/Cannara_LogoV1_500pxT.png","contentUrl":"https:\/\/www.cannara.ca\/wp-content\/uploads\/2024\/10\/Cannara_LogoV1_500pxT.png","width":500,"height":135,"caption":"Cannara Biotech"},"image":{"@id":"https:\/\/www.cannara.ca\/fr\/#\/schema\/logo\/image\/"}}]}},"_links":{"self":[{"href":"https:\/\/www.cannara.ca\/fr\/wp-json\/wp\/v2\/pages\/2050","targetHints":{"allow":["GET"]}}],"collection":[{"href":"https:\/\/www.cannara.ca\/fr\/wp-json\/wp\/v2\/pages"}],"about":[{"href":"https:\/\/www.cannara.ca\/fr\/wp-json\/wp\/v2\/types\/page"}],"author":[{"embeddable":true,"href":"https:\/\/www.cannara.ca\/fr\/wp-json\/wp\/v2\/users\/13"}],"replies":[{"embeddable":true,"href":"https:\/\/www.cannara.ca\/fr\/wp-json\/wp\/v2\/comments?post=2050"}],"version-history":[{"count":0,"href":"https:\/\/www.cannara.ca\/fr\/wp-json\/wp\/v2\/pages\/2050\/revisions"}],"wp:attachment":[{"href":"https:\/\/www.cannara.ca\/fr\/wp-json\/wp\/v2\/media?parent=2050"}],"curies":[{"name":"wp","href":"https:\/\/api.w.org\/{rel}","templated":true}]}}